{"id":823,"date":"2018-06-19T16:11:30","date_gmt":"2018-06-19T21:11:30","guid":{"rendered":"https:\/\/pranama.life\/?post_type=product&#038;p=823"},"modified":"2024-08-22T17:49:56","modified_gmt":"2024-08-22T22:49:56","slug":"cabbage-carrot-sauerkraut","status":"publish","type":"product","link":"https:\/\/pranama.life\/es\/shop\/cabbage-carrot-sauerkraut\/","title":{"rendered":"Cabbage &#038; Carrot Sauerkraut"},"content":{"rendered":"","protected":false},"excerpt":{"rendered":"<h4>Efectos Potenciales:<\/h4>\n<p>Este antiguo arte de la fermentaci\u00f3n nutre el sistema inmunol\u00f3gico, reduce el riesgo de enfermedades card\u00edacas, fortaleciendo el coraz\u00f3n. Previene las \u00falceras g\u00e1stricas y el c\u00e1ncer de colon. Ayuda a construir huesos fuertes previniendo la osteoporosis. Reduce el riesgo de la degeneraci\u00f3n macular y el desarrollo de cataratas en los ojos. Tiene propiedades anti-inflamatorias y aporta una gran cantidad de energ\u00eda.<\/p>\n<h4>Ingredientes:<\/h4>\n<p>Repollo, zanahoria, agua, sal y semillas de alcaravea.<\/p>\n","protected":false},"featured_media":1642,"comment_status":"open","ping_status":"closed","template":"","meta":{"_exactmetrics_skip_tracking":false,"_exactmetrics_sitenote_active":false,"_exactmetrics_sitenote_note":"","_exactmetrics_sitenote_category":0},"product_brand":[],"product_cat":[104],"product_tag":[87,88],"class_list":{"0":"post-823","1":"product","2":"type-product","3":"status-publish","4":"has-post-thumbnail","6":"product_cat-probiotic-foods","7":"product_tag-probiotic-food","8":"product_tag-sauerkraut","10":"first","11":"instock","12":"featured","13":"purchasable","14":"product-type-simple"},"yoast_head":"<!-- This site is optimized with the Yoast SEO plugin v25.6 - https:\/\/yoast.com\/wordpress\/plugins\/seo\/ -->\n<title>Cabbage &amp; Carrot Sauerkraut - Pranama Life<\/title>\n<meta name=\"description\" content=\"Potential Effects: This ancient art of fermentation nourishes the immune system, reduces the risk of heart disease, strengthens the heart. In some cases it can prevent gastric ulcers and colon cancer. It helps build strong bones by preventing osteoporosis. It can reduce the risk of macular degeneration and the development of cataracts in the eyes. It has anti-inflammatory properties and provides a large amount of energy.  Ingredients: Cabbage, carrot, water, salt and caraway seeds.Efectos Potenciales: Este antiguo arte de la fermentaci\u00f3n nutre el sistema inmunol\u00f3gico, reduce el riesgo de enfermedades card\u00edacas, fortaleciendo el coraz\u00f3n. Previene las \u00falceras g\u00e1stricas y el c\u00e1ncer de colon. Ayuda a construir huesos fuertes previniendo la osteoporosis. Reduce el riesgo de la degeneraci\u00f3n macular y el desarrollo de cataratas en los ojos. Tiene propiedades anti-inflamatorias y aporta una gran cantidad de energ\u00eda. Ingredientes: Repollo, zanahoria, agua, sal y semillas de alcaravea.\" \/>\n<meta name=\"robots\" content=\"index, follow, max-snippet:-1, max-image-preview:large, max-video-preview:-1\" \/>\n<link rel=\"canonical\" href=\"https:\/\/pranama.life\/es\/shop\/cabbage-carrot-sauerkraut\/\" \/>\n<meta property=\"og:locale\" content=\"es_ES\" \/>\n<meta property=\"og:type\" content=\"article\" \/>\n<meta property=\"og:title\" content=\"Cabbage &amp; Carrot Sauerkraut - Pranama Life\" \/>\n<meta property=\"og:description\" content=\"Potential Effects: This ancient art of fermentation nourishes the immune system, reduces the risk of heart disease, strengthens the heart. In some cases it can prevent gastric ulcers and colon cancer. It helps build strong bones by preventing osteoporosis. It can reduce the risk of macular degeneration and the development of cataracts in the eyes. It has anti-inflammatory properties and provides a large amount of energy.  Ingredients: Cabbage, carrot, water, salt and caraway seeds.Efectos Potenciales: Este antiguo arte de la fermentaci\u00f3n nutre el sistema inmunol\u00f3gico, reduce el riesgo de enfermedades card\u00edacas, fortaleciendo el coraz\u00f3n. Previene las \u00falceras g\u00e1stricas y el c\u00e1ncer de colon. Ayuda a construir huesos fuertes previniendo la osteoporosis. Reduce el riesgo de la degeneraci\u00f3n macular y el desarrollo de cataratas en los ojos. Tiene propiedades anti-inflamatorias y aporta una gran cantidad de energ\u00eda. Ingredientes: Repollo, zanahoria, agua, sal y semillas de alcaravea.\" \/>\n<meta property=\"og:url\" content=\"https:\/\/pranama.life\/es\/shop\/cabbage-carrot-sauerkraut\/\" \/>\n<meta property=\"og:site_name\" content=\"Pranama Life\" \/>\n<meta property=\"article:modified_time\" content=\"2024-08-22T22:49:56+00:00\" \/>\n<meta property=\"og:image\" content=\"https:\/\/pranama.life\/wp-content\/uploads\/2018\/06\/sauerkraut-repollo-edited-798x1024.png\" \/>\n\t<meta property=\"og:image:width\" content=\"798\" \/>\n\t<meta property=\"og:image:height\" content=\"1024\" \/>\n\t<meta property=\"og:image:type\" content=\"image\/png\" \/>\n<meta name=\"twitter:card\" content=\"summary_large_image\" \/>\n<script type=\"application\/ld+json\" class=\"yoast-schema-graph\">{\"@context\":\"https:\/\/schema.org\",\"@graph\":[{\"@type\":\"WebPage\",\"@id\":\"https:\/\/pranama.life\/es\/shop\/cabbage-carrot-sauerkraut\/\",\"url\":\"https:\/\/pranama.life\/es\/shop\/cabbage-carrot-sauerkraut\/\",\"name\":\"Cabbage & Carrot Sauerkraut - Pranama Life\",\"isPartOf\":{\"@id\":\"https:\/\/pranama.life\/#website\"},\"primaryImageOfPage\":{\"@id\":\"https:\/\/pranama.life\/es\/shop\/cabbage-carrot-sauerkraut\/#primaryimage\"},\"image\":{\"@id\":\"https:\/\/pranama.life\/es\/shop\/cabbage-carrot-sauerkraut\/#primaryimage\"},\"thumbnailUrl\":\"https:\/\/pranama.life\/wp-content\/uploads\/2018\/06\/sauerkraut-repollo-edited.png\",\"datePublished\":\"2018-06-19T21:11:30+00:00\",\"dateModified\":\"2024-08-22T22:49:56+00:00\",\"description\":\"Potential Effects: This ancient art of fermentation nourishes the immune system, reduces the risk of heart disease, strengthens the heart. In some cases it can prevent gastric ulcers and colon cancer. It helps build strong bones by preventing osteoporosis. It can reduce the risk of macular degeneration and the development of cataracts in the eyes. It has anti-inflammatory properties and provides a large amount of energy. Ingredients: Cabbage, carrot, water, salt and caraway seeds.Efectos Potenciales: Este antiguo arte de la fermentaci\u00f3n nutre el sistema inmunol\u00f3gico, reduce el riesgo de enfermedades card\u00edacas, fortaleciendo el coraz\u00f3n. Previene las \u00falceras g\u00e1stricas y el c\u00e1ncer de colon. Ayuda a construir huesos fuertes previniendo la osteoporosis. Reduce el riesgo de la degeneraci\u00f3n macular y el desarrollo de cataratas en los ojos. Tiene propiedades anti-inflamatorias y aporta una gran cantidad de energ\u00eda. Ingredientes: Repollo, zanahoria, agua, sal y semillas de alcaravea.\",\"breadcrumb\":{\"@id\":\"https:\/\/pranama.life\/es\/shop\/cabbage-carrot-sauerkraut\/#breadcrumb\"},\"inLanguage\":\"es\",\"potentialAction\":[{\"@type\":\"ReadAction\",\"target\":[\"https:\/\/pranama.life\/es\/shop\/cabbage-carrot-sauerkraut\/\"]}]},{\"@type\":\"ImageObject\",\"inLanguage\":\"es\",\"@id\":\"https:\/\/pranama.life\/es\/shop\/cabbage-carrot-sauerkraut\/#primaryimage\",\"url\":\"https:\/\/pranama.life\/wp-content\/uploads\/2018\/06\/sauerkraut-repollo-edited.png\",\"contentUrl\":\"https:\/\/pranama.life\/wp-content\/uploads\/2018\/06\/sauerkraut-repollo-edited.png\",\"width\":2268,\"height\":2912},{\"@type\":\"BreadcrumbList\",\"@id\":\"https:\/\/pranama.life\/es\/shop\/cabbage-carrot-sauerkraut\/#breadcrumb\",\"itemListElement\":[{\"@type\":\"ListItem\",\"position\":1,\"name\":\"Home\",\"item\":\"https:\/\/pranama.life\/\"},{\"@type\":\"ListItem\",\"position\":2,\"name\":\"Shop\",\"item\":\"https:\/\/pranama.life\/shop\/\"},{\"@type\":\"ListItem\",\"position\":3,\"name\":\"Cabbage &#038; Carrot Sauerkraut\"}]},{\"@type\":\"WebSite\",\"@id\":\"https:\/\/pranama.life\/#website\",\"url\":\"https:\/\/pranama.life\/\",\"name\":\"Pranama\",\"description\":\"Probiotics Foods &amp; Drinks\",\"potentialAction\":[{\"@type\":\"SearchAction\",\"target\":{\"@type\":\"EntryPoint\",\"urlTemplate\":\"https:\/\/pranama.life\/?s={search_term_string}\"},\"query-input\":{\"@type\":\"PropertyValueSpecification\",\"valueRequired\":true,\"valueName\":\"search_term_string\"}}],\"inLanguage\":\"es\"}]}<\/script>\n<!-- \/ Yoast SEO plugin. -->","yoast_head_json":{"title":"Cabbage & Carrot Sauerkraut - Pranama Life","description":"Potential Effects: This ancient art of fermentation nourishes the immune system, reduces the risk of heart disease, strengthens the heart. In some cases it can prevent gastric ulcers and colon cancer. It helps build strong bones by preventing osteoporosis. It can reduce the risk of macular degeneration and the development of cataracts in the eyes. It has anti-inflammatory properties and provides a large amount of energy.  Ingredients: Cabbage, carrot, water, salt and caraway seeds.Efectos Potenciales: Este antiguo arte de la fermentaci\u00f3n nutre el sistema inmunol\u00f3gico, reduce el riesgo de enfermedades card\u00edacas, fortaleciendo el coraz\u00f3n. Previene las \u00falceras g\u00e1stricas y el c\u00e1ncer de colon. Ayuda a construir huesos fuertes previniendo la osteoporosis. Reduce el riesgo de la degeneraci\u00f3n macular y el desarrollo de cataratas en los ojos. Tiene propiedades anti-inflamatorias y aporta una gran cantidad de energ\u00eda. Ingredientes: Repollo, zanahoria, agua, sal y semillas de alcaravea.","robots":{"index":"index","follow":"follow","max-snippet":"max-snippet:-1","max-image-preview":"max-image-preview:large","max-video-preview":"max-video-preview:-1"},"canonical":"https:\/\/pranama.life\/es\/shop\/cabbage-carrot-sauerkraut\/","og_locale":"es_ES","og_type":"article","og_title":"Cabbage & Carrot Sauerkraut - Pranama Life","og_description":"Potential Effects: This ancient art of fermentation nourishes the immune system, reduces the risk of heart disease, strengthens the heart. In some cases it can prevent gastric ulcers and colon cancer. It helps build strong bones by preventing osteoporosis. It can reduce the risk of macular degeneration and the development of cataracts in the eyes. It has anti-inflammatory properties and provides a large amount of energy.  Ingredients: Cabbage, carrot, water, salt and caraway seeds.Efectos Potenciales: Este antiguo arte de la fermentaci\u00f3n nutre el sistema inmunol\u00f3gico, reduce el riesgo de enfermedades card\u00edacas, fortaleciendo el coraz\u00f3n. Previene las \u00falceras g\u00e1stricas y el c\u00e1ncer de colon. Ayuda a construir huesos fuertes previniendo la osteoporosis. Reduce el riesgo de la degeneraci\u00f3n macular y el desarrollo de cataratas en los ojos. Tiene propiedades anti-inflamatorias y aporta una gran cantidad de energ\u00eda. Ingredientes: Repollo, zanahoria, agua, sal y semillas de alcaravea.","og_url":"https:\/\/pranama.life\/es\/shop\/cabbage-carrot-sauerkraut\/","og_site_name":"Pranama Life","article_modified_time":"2024-08-22T22:49:56+00:00","og_image":[{"width":798,"height":1024,"url":"https:\/\/pranama.life\/wp-content\/uploads\/2018\/06\/sauerkraut-repollo-edited-798x1024.png","type":"image\/png"}],"twitter_card":"summary_large_image","schema":{"@context":"https:\/\/schema.org","@graph":[{"@type":"WebPage","@id":"https:\/\/pranama.life\/es\/shop\/cabbage-carrot-sauerkraut\/","url":"https:\/\/pranama.life\/es\/shop\/cabbage-carrot-sauerkraut\/","name":"Cabbage & Carrot Sauerkraut - Pranama Life","isPartOf":{"@id":"https:\/\/pranama.life\/#website"},"primaryImageOfPage":{"@id":"https:\/\/pranama.life\/es\/shop\/cabbage-carrot-sauerkraut\/#primaryimage"},"image":{"@id":"https:\/\/pranama.life\/es\/shop\/cabbage-carrot-sauerkraut\/#primaryimage"},"thumbnailUrl":"https:\/\/pranama.life\/wp-content\/uploads\/2018\/06\/sauerkraut-repollo-edited.png","datePublished":"2018-06-19T21:11:30+00:00","dateModified":"2024-08-22T22:49:56+00:00","description":"Potential Effects: This ancient art of fermentation nourishes the immune system, reduces the risk of heart disease, strengthens the heart. In some cases it can prevent gastric ulcers and colon cancer. It helps build strong bones by preventing osteoporosis. It can reduce the risk of macular degeneration and the development of cataracts in the eyes. It has anti-inflammatory properties and provides a large amount of energy. Ingredients: Cabbage, carrot, water, salt and caraway seeds.Efectos Potenciales: Este antiguo arte de la fermentaci\u00f3n nutre el sistema inmunol\u00f3gico, reduce el riesgo de enfermedades card\u00edacas, fortaleciendo el coraz\u00f3n. Previene las \u00falceras g\u00e1stricas y el c\u00e1ncer de colon. Ayuda a construir huesos fuertes previniendo la osteoporosis. Reduce el riesgo de la degeneraci\u00f3n macular y el desarrollo de cataratas en los ojos. Tiene propiedades anti-inflamatorias y aporta una gran cantidad de energ\u00eda. Ingredientes: Repollo, zanahoria, agua, sal y semillas de alcaravea.","breadcrumb":{"@id":"https:\/\/pranama.life\/es\/shop\/cabbage-carrot-sauerkraut\/#breadcrumb"},"inLanguage":"es","potentialAction":[{"@type":"ReadAction","target":["https:\/\/pranama.life\/es\/shop\/cabbage-carrot-sauerkraut\/"]}]},{"@type":"ImageObject","inLanguage":"es","@id":"https:\/\/pranama.life\/es\/shop\/cabbage-carrot-sauerkraut\/#primaryimage","url":"https:\/\/pranama.life\/wp-content\/uploads\/2018\/06\/sauerkraut-repollo-edited.png","contentUrl":"https:\/\/pranama.life\/wp-content\/uploads\/2018\/06\/sauerkraut-repollo-edited.png","width":2268,"height":2912},{"@type":"BreadcrumbList","@id":"https:\/\/pranama.life\/es\/shop\/cabbage-carrot-sauerkraut\/#breadcrumb","itemListElement":[{"@type":"ListItem","position":1,"name":"Home","item":"https:\/\/pranama.life\/"},{"@type":"ListItem","position":2,"name":"Shop","item":"https:\/\/pranama.life\/shop\/"},{"@type":"ListItem","position":3,"name":"Cabbage &#038; Carrot Sauerkraut"}]},{"@type":"WebSite","@id":"https:\/\/pranama.life\/#website","url":"https:\/\/pranama.life\/","name":"Pranama","description":"Probiotics Foods &amp; Drinks","potentialAction":[{"@type":"SearchAction","target":{"@type":"EntryPoint","urlTemplate":"https:\/\/pranama.life\/?s={search_term_string}"},"query-input":{"@type":"PropertyValueSpecification","valueRequired":true,"valueName":"search_term_string"}}],"inLanguage":"es"}]}},"_links":{"self":[{"href":"https:\/\/pranama.life\/es\/wp-json\/wp\/v2\/product\/823"}],"collection":[{"href":"https:\/\/pranama.life\/es\/wp-json\/wp\/v2\/product"}],"about":[{"href":"https:\/\/pranama.life\/es\/wp-json\/wp\/v2\/types\/product"}],"replies":[{"embeddable":true,"href":"https:\/\/pranama.life\/es\/wp-json\/wp\/v2\/comments?post=823"}],"wp:featuredmedia":[{"embeddable":true,"href":"https:\/\/pranama.life\/es\/wp-json\/wp\/v2\/media\/1642"}],"wp:attachment":[{"href":"https:\/\/pranama.life\/es\/wp-json\/wp\/v2\/media?parent=823"}],"wp:term":[{"taxonomy":"product_brand","embeddable":true,"href":"https:\/\/pranama.life\/es\/wp-json\/wp\/v2\/product_brand?post=823"},{"taxonomy":"product_cat","embeddable":true,"href":"https:\/\/pranama.life\/es\/wp-json\/wp\/v2\/product_cat?post=823"},{"taxonomy":"product_tag","embeddable":true,"href":"https:\/\/pranama.life\/es\/wp-json\/wp\/v2\/product_tag?post=823"}],"curies":[{"name":"wp","href":"https:\/\/api.w.org\/{rel}","templated":true}]}}