{"id":816,"date":"2018-06-19T01:29:34","date_gmt":"2018-06-19T06:29:34","guid":{"rendered":"https:\/\/pranama.life\/?post_type=product&#038;p=816"},"modified":"2025-06-24T23:32:51","modified_gmt":"2025-06-25T04:32:51","slug":"napa-cabbage-vegan-kimchi","status":"publish","type":"product","link":"https:\/\/pranama.life\/es\/shop\/napa-cabbage-vegan-kimchi\/","title":{"rendered":"Napa Cabbage Vegan Kimchi"},"content":{"rendered":"","protected":false},"excerpt":{"rendered":"<h4>Efectos Potenciales:<\/h4>\n<p>Un tradicional y picantito plato koreano que se consume como adicional a las comidas, est\u00e1 hecho de verduras fermentadas. El kimchi a\u00f1ade a la comida una deliciosa carga de sabor sumada a los valiosos probi\u00f3ticos, vitaminas y minerales.<\/p>\n<h4>Ingredientes:<\/h4>\n<p>Repollo, nappa, jengibre, ajo, cebolla, aj\u00ed, ceboll\u00edn, r\u00e1bano, zanahoria, jugo de pi\u00f1a, salsa de soya, az\u00facar morena, infusi\u00f3n sonora, conciencia plena y mucho amor.<\/p>\n","protected":false},"featured_media":1628,"comment_status":"open","ping_status":"closed","template":"","meta":{"_exactmetrics_skip_tracking":false,"_exactmetrics_sitenote_active":false,"_exactmetrics_sitenote_note":"","_exactmetrics_sitenote_category":0},"product_brand":[],"product_cat":[104],"product_tag":[86,87],"class_list":{"0":"post-816","1":"product","2":"type-product","3":"status-publish","4":"has-post-thumbnail","6":"product_cat-probiotic-foods","7":"product_tag-kimchi","8":"product_tag-probiotic-food","10":"first","11":"instock","12":"featured","13":"purchasable","14":"product-type-simple"},"yoast_head":"<!-- This site is optimized with the Yoast SEO plugin v25.6 - https:\/\/yoast.com\/wordpress\/plugins\/seo\/ -->\n<title>Napa Cabbage Vegan Kimchi - Pranama Life<\/title>\n<meta name=\"description\" content=\"Potential effects: This is a traditional spicy and wise Korean side dish made of fermented vegetables: napa cabbages, carrots, radish, onion, garlic, and others. We call it wise because having kimchi as a side dish adds loads of flavor and the valuable probiotics, vitamins and minerals to the meal. Ingredients: Cabbage, nappa, ginger, garlac, onion, chili pepper, shives, radish, carrot, pinneapple juice, soy sauce, brown sugar, sound infusion, love and mindfulness.Efectos Potenciales: Un tradicional y picantito plato koreano que se consume como adicional a las comidas, est\u00e1 hecho de verduras fermentadas. El kimchi a\u00f1ade a la comida una deliciosa carga de sabor sumada a los valiosos probi\u00f3ticos, vitaminas y minerales. Ingredientes: Repollo, nappa, jengibre, ajo, cebolla, aj\u00ed, ceboll\u00edn, r\u00e1bano, zanahoria, jugo de pi\u00f1a, salsa de soya, az\u00facar morena, infusi\u00f3n sonora, conciencia plena y mucho amor.\" \/>\n<meta name=\"robots\" content=\"index, follow, max-snippet:-1, max-image-preview:large, max-video-preview:-1\" \/>\n<link rel=\"canonical\" href=\"https:\/\/pranama.life\/es\/shop\/napa-cabbage-vegan-kimchi\/\" \/>\n<meta property=\"og:locale\" content=\"es_ES\" \/>\n<meta property=\"og:type\" content=\"article\" \/>\n<meta property=\"og:title\" content=\"Napa Cabbage Vegan Kimchi - Pranama Life\" \/>\n<meta property=\"og:description\" content=\"Potential effects: This is a traditional spicy and wise Korean side dish made of fermented vegetables: napa cabbages, carrots, radish, onion, garlic, and others. We call it wise because having kimchi as a side dish adds loads of flavor and the valuable probiotics, vitamins and minerals to the meal. Ingredients: Cabbage, nappa, ginger, garlac, onion, chili pepper, shives, radish, carrot, pinneapple juice, soy sauce, brown sugar, sound infusion, love and mindfulness.Efectos Potenciales: Un tradicional y picantito plato koreano que se consume como adicional a las comidas, est\u00e1 hecho de verduras fermentadas. El kimchi a\u00f1ade a la comida una deliciosa carga de sabor sumada a los valiosos probi\u00f3ticos, vitaminas y minerales. Ingredientes: Repollo, nappa, jengibre, ajo, cebolla, aj\u00ed, ceboll\u00edn, r\u00e1bano, zanahoria, jugo de pi\u00f1a, salsa de soya, az\u00facar morena, infusi\u00f3n sonora, conciencia plena y mucho amor.\" \/>\n<meta property=\"og:url\" content=\"https:\/\/pranama.life\/es\/shop\/napa-cabbage-vegan-kimchi\/\" \/>\n<meta property=\"og:site_name\" content=\"Pranama Life\" \/>\n<meta property=\"article:modified_time\" content=\"2025-06-25T04:32:51+00:00\" \/>\n<meta property=\"og:image\" content=\"https:\/\/pranama.life\/wp-content\/uploads\/2018\/06\/Kimchi-Repollo-Rojo-734x1024.png\" \/>\n\t<meta property=\"og:image:width\" content=\"734\" \/>\n\t<meta property=\"og:image:height\" content=\"1024\" \/>\n\t<meta property=\"og:image:type\" content=\"image\/png\" \/>\n<meta name=\"twitter:card\" content=\"summary_large_image\" \/>\n<script type=\"application\/ld+json\" class=\"yoast-schema-graph\">{\"@context\":\"https:\/\/schema.org\",\"@graph\":[{\"@type\":\"WebPage\",\"@id\":\"https:\/\/pranama.life\/es\/shop\/napa-cabbage-vegan-kimchi\/\",\"url\":\"https:\/\/pranama.life\/es\/shop\/napa-cabbage-vegan-kimchi\/\",\"name\":\"Napa Cabbage Vegan Kimchi - Pranama Life\",\"isPartOf\":{\"@id\":\"https:\/\/pranama.life\/#website\"},\"primaryImageOfPage\":{\"@id\":\"https:\/\/pranama.life\/es\/shop\/napa-cabbage-vegan-kimchi\/#primaryimage\"},\"image\":{\"@id\":\"https:\/\/pranama.life\/es\/shop\/napa-cabbage-vegan-kimchi\/#primaryimage\"},\"thumbnailUrl\":\"https:\/\/pranama.life\/wp-content\/uploads\/2018\/06\/Kimchi-Repollo-Rojo.png\",\"datePublished\":\"2018-06-19T06:29:34+00:00\",\"dateModified\":\"2025-06-25T04:32:51+00:00\",\"description\":\"Potential effects: This is a traditional spicy and wise Korean side dish made of fermented vegetables: napa cabbages, carrots, radish, onion, garlic, and others. We call it wise because having kimchi as a side dish adds loads of flavor and the valuable probiotics, vitamins and minerals to the meal. Ingredients: Cabbage, nappa, ginger, garlac, onion, chili pepper, shives, radish, carrot, pinneapple juice, soy sauce, brown sugar, sound infusion, love and mindfulness.Efectos Potenciales: Un tradicional y picantito plato koreano que se consume como adicional a las comidas, est\u00e1 hecho de verduras fermentadas. El kimchi a\u00f1ade a la comida una deliciosa carga de sabor sumada a los valiosos probi\u00f3ticos, vitaminas y minerales. Ingredientes: Repollo, nappa, jengibre, ajo, cebolla, aj\u00ed, ceboll\u00edn, r\u00e1bano, zanahoria, jugo de pi\u00f1a, salsa de soya, az\u00facar morena, infusi\u00f3n sonora, conciencia plena y mucho amor.\",\"breadcrumb\":{\"@id\":\"https:\/\/pranama.life\/es\/shop\/napa-cabbage-vegan-kimchi\/#breadcrumb\"},\"inLanguage\":\"es\",\"potentialAction\":[{\"@type\":\"ReadAction\",\"target\":[\"https:\/\/pranama.life\/es\/shop\/napa-cabbage-vegan-kimchi\/\"]}]},{\"@type\":\"ImageObject\",\"inLanguage\":\"es\",\"@id\":\"https:\/\/pranama.life\/es\/shop\/napa-cabbage-vegan-kimchi\/#primaryimage\",\"url\":\"https:\/\/pranama.life\/wp-content\/uploads\/2018\/06\/Kimchi-Repollo-Rojo.png\",\"contentUrl\":\"https:\/\/pranama.life\/wp-content\/uploads\/2018\/06\/Kimchi-Repollo-Rojo.png\",\"width\":2088,\"height\":2912},{\"@type\":\"BreadcrumbList\",\"@id\":\"https:\/\/pranama.life\/es\/shop\/napa-cabbage-vegan-kimchi\/#breadcrumb\",\"itemListElement\":[{\"@type\":\"ListItem\",\"position\":1,\"name\":\"Home\",\"item\":\"https:\/\/pranama.life\/\"},{\"@type\":\"ListItem\",\"position\":2,\"name\":\"Shop\",\"item\":\"https:\/\/pranama.life\/shop\/\"},{\"@type\":\"ListItem\",\"position\":3,\"name\":\"Napa Cabbage Vegan Kimchi\"}]},{\"@type\":\"WebSite\",\"@id\":\"https:\/\/pranama.life\/#website\",\"url\":\"https:\/\/pranama.life\/\",\"name\":\"Pranama\",\"description\":\"Probiotics Foods &amp; Drinks\",\"potentialAction\":[{\"@type\":\"SearchAction\",\"target\":{\"@type\":\"EntryPoint\",\"urlTemplate\":\"https:\/\/pranama.life\/?s={search_term_string}\"},\"query-input\":{\"@type\":\"PropertyValueSpecification\",\"valueRequired\":true,\"valueName\":\"search_term_string\"}}],\"inLanguage\":\"es\"}]}<\/script>\n<!-- \/ Yoast SEO plugin. -->","yoast_head_json":{"title":"Napa Cabbage Vegan Kimchi - Pranama Life","description":"Potential effects: This is a traditional spicy and wise Korean side dish made of fermented vegetables: napa cabbages, carrots, radish, onion, garlic, and others. We call it wise because having kimchi as a side dish adds loads of flavor and the valuable probiotics, vitamins and minerals to the meal. Ingredients: Cabbage, nappa, ginger, garlac, onion, chili pepper, shives, radish, carrot, pinneapple juice, soy sauce, brown sugar, sound infusion, love and mindfulness.Efectos Potenciales: Un tradicional y picantito plato koreano que se consume como adicional a las comidas, est\u00e1 hecho de verduras fermentadas. El kimchi a\u00f1ade a la comida una deliciosa carga de sabor sumada a los valiosos probi\u00f3ticos, vitaminas y minerales. Ingredientes: Repollo, nappa, jengibre, ajo, cebolla, aj\u00ed, ceboll\u00edn, r\u00e1bano, zanahoria, jugo de pi\u00f1a, salsa de soya, az\u00facar morena, infusi\u00f3n sonora, conciencia plena y mucho amor.","robots":{"index":"index","follow":"follow","max-snippet":"max-snippet:-1","max-image-preview":"max-image-preview:large","max-video-preview":"max-video-preview:-1"},"canonical":"https:\/\/pranama.life\/es\/shop\/napa-cabbage-vegan-kimchi\/","og_locale":"es_ES","og_type":"article","og_title":"Napa Cabbage Vegan Kimchi - Pranama Life","og_description":"Potential effects: This is a traditional spicy and wise Korean side dish made of fermented vegetables: napa cabbages, carrots, radish, onion, garlic, and others. We call it wise because having kimchi as a side dish adds loads of flavor and the valuable probiotics, vitamins and minerals to the meal. Ingredients: Cabbage, nappa, ginger, garlac, onion, chili pepper, shives, radish, carrot, pinneapple juice, soy sauce, brown sugar, sound infusion, love and mindfulness.Efectos Potenciales: Un tradicional y picantito plato koreano que se consume como adicional a las comidas, est\u00e1 hecho de verduras fermentadas. El kimchi a\u00f1ade a la comida una deliciosa carga de sabor sumada a los valiosos probi\u00f3ticos, vitaminas y minerales. Ingredientes: Repollo, nappa, jengibre, ajo, cebolla, aj\u00ed, ceboll\u00edn, r\u00e1bano, zanahoria, jugo de pi\u00f1a, salsa de soya, az\u00facar morena, infusi\u00f3n sonora, conciencia plena y mucho amor.","og_url":"https:\/\/pranama.life\/es\/shop\/napa-cabbage-vegan-kimchi\/","og_site_name":"Pranama Life","article_modified_time":"2025-06-25T04:32:51+00:00","og_image":[{"width":734,"height":1024,"url":"https:\/\/pranama.life\/wp-content\/uploads\/2018\/06\/Kimchi-Repollo-Rojo-734x1024.png","type":"image\/png"}],"twitter_card":"summary_large_image","schema":{"@context":"https:\/\/schema.org","@graph":[{"@type":"WebPage","@id":"https:\/\/pranama.life\/es\/shop\/napa-cabbage-vegan-kimchi\/","url":"https:\/\/pranama.life\/es\/shop\/napa-cabbage-vegan-kimchi\/","name":"Napa Cabbage Vegan Kimchi - Pranama Life","isPartOf":{"@id":"https:\/\/pranama.life\/#website"},"primaryImageOfPage":{"@id":"https:\/\/pranama.life\/es\/shop\/napa-cabbage-vegan-kimchi\/#primaryimage"},"image":{"@id":"https:\/\/pranama.life\/es\/shop\/napa-cabbage-vegan-kimchi\/#primaryimage"},"thumbnailUrl":"https:\/\/pranama.life\/wp-content\/uploads\/2018\/06\/Kimchi-Repollo-Rojo.png","datePublished":"2018-06-19T06:29:34+00:00","dateModified":"2025-06-25T04:32:51+00:00","description":"Potential effects: This is a traditional spicy and wise Korean side dish made of fermented vegetables: napa cabbages, carrots, radish, onion, garlic, and others. We call it wise because having kimchi as a side dish adds loads of flavor and the valuable probiotics, vitamins and minerals to the meal. Ingredients: Cabbage, nappa, ginger, garlac, onion, chili pepper, shives, radish, carrot, pinneapple juice, soy sauce, brown sugar, sound infusion, love and mindfulness.Efectos Potenciales: Un tradicional y picantito plato koreano que se consume como adicional a las comidas, est\u00e1 hecho de verduras fermentadas. El kimchi a\u00f1ade a la comida una deliciosa carga de sabor sumada a los valiosos probi\u00f3ticos, vitaminas y minerales. Ingredientes: Repollo, nappa, jengibre, ajo, cebolla, aj\u00ed, ceboll\u00edn, r\u00e1bano, zanahoria, jugo de pi\u00f1a, salsa de soya, az\u00facar morena, infusi\u00f3n sonora, conciencia plena y mucho amor.","breadcrumb":{"@id":"https:\/\/pranama.life\/es\/shop\/napa-cabbage-vegan-kimchi\/#breadcrumb"},"inLanguage":"es","potentialAction":[{"@type":"ReadAction","target":["https:\/\/pranama.life\/es\/shop\/napa-cabbage-vegan-kimchi\/"]}]},{"@type":"ImageObject","inLanguage":"es","@id":"https:\/\/pranama.life\/es\/shop\/napa-cabbage-vegan-kimchi\/#primaryimage","url":"https:\/\/pranama.life\/wp-content\/uploads\/2018\/06\/Kimchi-Repollo-Rojo.png","contentUrl":"https:\/\/pranama.life\/wp-content\/uploads\/2018\/06\/Kimchi-Repollo-Rojo.png","width":2088,"height":2912},{"@type":"BreadcrumbList","@id":"https:\/\/pranama.life\/es\/shop\/napa-cabbage-vegan-kimchi\/#breadcrumb","itemListElement":[{"@type":"ListItem","position":1,"name":"Home","item":"https:\/\/pranama.life\/"},{"@type":"ListItem","position":2,"name":"Shop","item":"https:\/\/pranama.life\/shop\/"},{"@type":"ListItem","position":3,"name":"Napa Cabbage Vegan Kimchi"}]},{"@type":"WebSite","@id":"https:\/\/pranama.life\/#website","url":"https:\/\/pranama.life\/","name":"Pranama","description":"Probiotics Foods &amp; Drinks","potentialAction":[{"@type":"SearchAction","target":{"@type":"EntryPoint","urlTemplate":"https:\/\/pranama.life\/?s={search_term_string}"},"query-input":{"@type":"PropertyValueSpecification","valueRequired":true,"valueName":"search_term_string"}}],"inLanguage":"es"}]}},"_links":{"self":[{"href":"https:\/\/pranama.life\/es\/wp-json\/wp\/v2\/product\/816"}],"collection":[{"href":"https:\/\/pranama.life\/es\/wp-json\/wp\/v2\/product"}],"about":[{"href":"https:\/\/pranama.life\/es\/wp-json\/wp\/v2\/types\/product"}],"replies":[{"embeddable":true,"href":"https:\/\/pranama.life\/es\/wp-json\/wp\/v2\/comments?post=816"}],"wp:featuredmedia":[{"embeddable":true,"href":"https:\/\/pranama.life\/es\/wp-json\/wp\/v2\/media\/1628"}],"wp:attachment":[{"href":"https:\/\/pranama.life\/es\/wp-json\/wp\/v2\/media?parent=816"}],"wp:term":[{"taxonomy":"product_brand","embeddable":true,"href":"https:\/\/pranama.life\/es\/wp-json\/wp\/v2\/product_brand?post=816"},{"taxonomy":"product_cat","embeddable":true,"href":"https:\/\/pranama.life\/es\/wp-json\/wp\/v2\/product_cat?post=816"},{"taxonomy":"product_tag","embeddable":true,"href":"https:\/\/pranama.life\/es\/wp-json\/wp\/v2\/product_tag?post=816"}],"curies":[{"name":"wp","href":"https:\/\/api.w.org\/{rel}","templated":true}]}}