{"id":2204,"date":"2019-08-09T11:29:37","date_gmt":"2019-08-09T16:29:37","guid":{"rendered":"https:\/\/pranama.life\/?post_type=product&#038;p=2204"},"modified":"2026-02-21T04:08:22","modified_gmt":"2026-02-21T09:08:22","slug":"12-pack-probiotics-drinks","status":"publish","type":"product","link":"https:\/\/pranama.life\/es\/shop\/12-pack-probiotics-drinks\/","title":{"rendered":"Paquete de 12 kombucha"},"content":{"rendered":"","protected":false},"excerpt":{"rendered":"<p>\u00a1Disfruta y comparte billones de probi\u00f3ticos con tus amigos y familiares en una variedad de sabores!<\/p>\n<p>Todas nuestras bebidas PRANAMA est\u00e1n llenas de probi\u00f3ticos y est\u00e1n hechas con ingredientes de origen vegetal, no l\u00e1cteos y de origen \u00e9tico. Los probi\u00f3ticos, o bacterias buenas vivas, mantienen nuestro intestino sano y ayudan a mejorar el rendimiento de nuestro sistema digestivo.<\/p>\n<p>Seleccionamos cuidadosamente los ingredientes agregados a nuestras bebidas para darles sabor y beneficios adicionales para la salud.<\/p>\n<ul>\n<li>Elija entre el t\u00e9 helado probi\u00f3tico (Kombucha) y el refresco artesanal probi\u00f3tico (k\u00e9fir de agua).<\/li>\n<li>Elija entre entrega a domicilio o recoja para mayor comodidad.<\/li>\n<li>Elija qu\u00e9 opci\u00f3n de pago es mejor para usted.<\/li>\n<\/ul>\n<p>Elija sus preferencias a continuaci\u00f3n. Si tiene alguna pregunta, haga clic en el bot\u00f3n de chat a continuaci\u00f3n. Estamos aqu\u00ed para ayudar.<\/p>\n","protected":false},"featured_media":2205,"comment_status":"open","ping_status":"closed","template":"","meta":{"_exactmetrics_skip_tracking":false,"_exactmetrics_sitenote_active":false,"_exactmetrics_sitenote_note":"","_exactmetrics_sitenote_category":0},"product_brand":[],"product_cat":[141],"product_tag":[],"class_list":{"0":"post-2204","1":"product","2":"type-product","3":"status-publish","4":"has-post-thumbnail","6":"product_cat-12-pack-probiotics-drinks","8":"first","9":"instock","10":"sale","11":"featured","12":"purchasable","13":"product-type-variable"},"yoast_head":"<!-- This site is optimized with the Yoast SEO plugin v25.6 - https:\/\/yoast.com\/wordpress\/plugins\/seo\/ -->\n<title>Paquete de 12 kombucha - Pranama Life<\/title>\n<meta name=\"description\" content=\"\u00a1Enjoy and share trillions of probiotics with your friends and family in a variety of flavors!  All of our PRANAMA drinks are full of probiotics and are made with plant-based, non-dairy, and ethically sourced ingredients. Probiotics, or live good bacteria, keep our gut healthy and help to improve the performance of our digestive system.  We carefully hand-pick the ingredients added to our drinks for flavor and for extra health benefits.   Choose between Probiotic Iced Tea (Kombucha) and Probiotic Artisanal Soda (Water-Kefir).  Choose between home delivery or pick up for higher comfort.  Chose which payment option is best for you.  &nbsp;  (Shipping calculated at check-out, $5 per delivery).  Choose your preferences below. If you have any questions, click the chat button below. We are here to help.\u00a1Disfruta y comparte billones de probi\u00f3ticos con tus amigos y familiares en una variedad de sabores!  Todas nuestras bebidas PRANAMA est\u00e1n llenas de probi\u00f3ticos y est\u00e1n hechas con ingredientes de origen vegetal, no l\u00e1cteos y de origen \u00e9tico. Los probi\u00f3ticos, o bacterias buenas vivas, mantienen nuestro intestino sano y ayudan a mejorar el rendimiento de nuestro sistema digestivo.  Seleccionamos cuidadosamente los ingredientes agregados a nuestras bebidas para darles sabor y beneficios adicionales para la salud.   Elija entre el t\u00e9 helado probi\u00f3tico (Kombucha) y el refresco artesanal probi\u00f3tico (k\u00e9fir de agua).  Elija entre entrega a domicilio o recoja para mayor comodidad.  Elija qu\u00e9 opci\u00f3n de pago es mejor para usted.  Elija sus preferencias a continuaci\u00f3n. Si tiene alguna pregunta, haga clic en el bot\u00f3n de chat a continuaci\u00f3n. Estamos aqu\u00ed para ayudar.\" \/>\n<meta name=\"robots\" content=\"index, follow, max-snippet:-1, max-image-preview:large, max-video-preview:-1\" \/>\n<link rel=\"canonical\" href=\"https:\/\/pranama.life\/shop\/12-pack-probiotics-drinks\/\" \/>\n<meta property=\"og:locale\" content=\"es_ES\" \/>\n<meta property=\"og:type\" content=\"article\" \/>\n<meta property=\"og:title\" content=\"[:en]12-Pack Probiotics Drinks[:es]Paquete de 12 kombucha[:] - Pranama Life\" \/>\n<meta property=\"og:description\" content=\"\u00a1Enjoy and share trillions of probiotics with your friends and family in a variety of flavors!  All of our PRANAMA drinks are full of probiotics and are made with plant-based, non-dairy, and ethically sourced ingredients. Probiotics, or live good bacteria, keep our gut healthy and help to improve the performance of our digestive system.  We carefully hand-pick the ingredients added to our drinks for flavor and for extra health benefits.   Choose between Probiotic Iced Tea (Kombucha) and Probiotic Artisanal Soda (Water-Kefir).  Choose between home delivery or pick up for higher comfort.  Chose which payment option is best for you.  &nbsp;  (Shipping calculated at check-out, $5 per delivery).  Choose your preferences below. If you have any questions, click the chat button below. We are here to help.\u00a1Disfruta y comparte billones de probi\u00f3ticos con tus amigos y familiares en una variedad de sabores!  Todas nuestras bebidas PRANAMA est\u00e1n llenas de probi\u00f3ticos y est\u00e1n hechas con ingredientes de origen vegetal, no l\u00e1cteos y de origen \u00e9tico. Los probi\u00f3ticos, o bacterias buenas vivas, mantienen nuestro intestino sano y ayudan a mejorar el rendimiento de nuestro sistema digestivo.  Seleccionamos cuidadosamente los ingredientes agregados a nuestras bebidas para darles sabor y beneficios adicionales para la salud.   Elija entre el t\u00e9 helado probi\u00f3tico (Kombucha) y el refresco artesanal probi\u00f3tico (k\u00e9fir de agua).  Elija entre entrega a domicilio o recoja para mayor comodidad.  Elija qu\u00e9 opci\u00f3n de pago es mejor para usted.  Elija sus preferencias a continuaci\u00f3n. Si tiene alguna pregunta, haga clic en el bot\u00f3n de chat a continuaci\u00f3n. Estamos aqu\u00ed para ayudar.\" \/>\n<meta property=\"og:url\" content=\"https:\/\/pranama.life\/shop\/12-pack-probiotics-drinks\/\" \/>\n<meta property=\"og:site_name\" content=\"Pranama Life\" \/>\n<meta property=\"article:modified_time\" content=\"2026-02-21T09:08:22+00:00\" \/>\n<meta property=\"og:image\" content=\"https:\/\/pranama.life\/wp-content\/uploads\/2019\/08\/free-packaging-box-mockup-1-e1583444794195.png\" \/>\n\t<meta property=\"og:image:width\" content=\"642\" \/>\n\t<meta property=\"og:image:height\" content=\"524\" \/>\n\t<meta property=\"og:image:type\" content=\"image\/png\" \/>\n<meta name=\"twitter:card\" content=\"summary_large_image\" \/>\n<script type=\"application\/ld+json\" class=\"yoast-schema-graph\">{\"@context\":\"https:\/\/schema.org\",\"@graph\":[{\"@type\":\"WebPage\",\"@id\":\"https:\/\/pranama.life\/shop\/12-pack-probiotics-drinks\/\",\"url\":\"https:\/\/pranama.life\/shop\/12-pack-probiotics-drinks\/\",\"name\":\"[:en]12-Pack Probiotics Drinks[:es]Paquete de 12 kombucha[:] - Pranama Life\",\"isPartOf\":{\"@id\":\"https:\/\/pranama.life\/#website\"},\"primaryImageOfPage\":{\"@id\":\"https:\/\/pranama.life\/shop\/12-pack-probiotics-drinks\/#primaryimage\"},\"image\":{\"@id\":\"https:\/\/pranama.life\/shop\/12-pack-probiotics-drinks\/#primaryimage\"},\"thumbnailUrl\":\"https:\/\/pranama.life\/wp-content\/uploads\/2019\/08\/free-packaging-box-mockup-1-e1583444794195.png\",\"datePublished\":\"2019-08-09T16:29:37+00:00\",\"dateModified\":\"2026-02-21T09:08:22+00:00\",\"description\":\"\u00a1Enjoy and share trillions of probiotics with your friends and family in a variety of flavors! All of our PRANAMA drinks are full of probiotics and are made with plant-based, non-dairy, and ethically sourced ingredients. Probiotics, or live good bacteria, keep our gut healthy and help to improve the performance of our digestive system. We carefully hand-pick the ingredients added to our drinks for flavor and for extra health benefits. Choose between Probiotic Iced Tea (Kombucha) and Probiotic Artisanal Soda (Water-Kefir). Choose between home delivery or pick up for higher comfort. Chose which payment option is best for you. &nbsp; (Shipping calculated at check-out, $5 per delivery). Choose your preferences below. If you have any questions, click the chat button below. We are here to help.\u00a1Disfruta y comparte billones de probi\u00f3ticos con tus amigos y familiares en una variedad de sabores! Todas nuestras bebidas PRANAMA est\u00e1n llenas de probi\u00f3ticos y est\u00e1n hechas con ingredientes de origen vegetal, no l\u00e1cteos y de origen \u00e9tico. Los probi\u00f3ticos, o bacterias buenas vivas, mantienen nuestro intestino sano y ayudan a mejorar el rendimiento de nuestro sistema digestivo. Seleccionamos cuidadosamente los ingredientes agregados a nuestras bebidas para darles sabor y beneficios adicionales para la salud. Elija entre el t\u00e9 helado probi\u00f3tico (Kombucha) y el refresco artesanal probi\u00f3tico (k\u00e9fir de agua). Elija entre entrega a domicilio o recoja para mayor comodidad. Elija qu\u00e9 opci\u00f3n de pago es mejor para usted. Elija sus preferencias a continuaci\u00f3n. Si tiene alguna pregunta, haga clic en el bot\u00f3n de chat a continuaci\u00f3n. Estamos aqu\u00ed para ayudar.\",\"breadcrumb\":{\"@id\":\"https:\/\/pranama.life\/shop\/12-pack-probiotics-drinks\/#breadcrumb\"},\"inLanguage\":\"es\",\"potentialAction\":[{\"@type\":\"ReadAction\",\"target\":[\"https:\/\/pranama.life\/shop\/12-pack-probiotics-drinks\/\"]}]},{\"@type\":\"ImageObject\",\"inLanguage\":\"es\",\"@id\":\"https:\/\/pranama.life\/shop\/12-pack-probiotics-drinks\/#primaryimage\",\"url\":\"https:\/\/pranama.life\/wp-content\/uploads\/2019\/08\/free-packaging-box-mockup-1-e1583444794195.png\",\"contentUrl\":\"https:\/\/pranama.life\/wp-content\/uploads\/2019\/08\/free-packaging-box-mockup-1-e1583444794195.png\",\"width\":642,\"height\":524},{\"@type\":\"BreadcrumbList\",\"@id\":\"https:\/\/pranama.life\/shop\/12-pack-probiotics-drinks\/#breadcrumb\",\"itemListElement\":[{\"@type\":\"ListItem\",\"position\":1,\"name\":\"Home\",\"item\":\"https:\/\/pranama.life\/\"},{\"@type\":\"ListItem\",\"position\":2,\"name\":\"Shop\",\"item\":\"https:\/\/pranama.life\/shop\/\"},{\"@type\":\"ListItem\",\"position\":3,\"name\":\"12-Pack Probiotics Drinks\"}]},{\"@type\":\"WebSite\",\"@id\":\"https:\/\/pranama.life\/#website\",\"url\":\"https:\/\/pranama.life\/\",\"name\":\"Pranama\",\"description\":\"Probiotics Foods &amp; Drinks\",\"potentialAction\":[{\"@type\":\"SearchAction\",\"target\":{\"@type\":\"EntryPoint\",\"urlTemplate\":\"https:\/\/pranama.life\/?s={search_term_string}\"},\"query-input\":{\"@type\":\"PropertyValueSpecification\",\"valueRequired\":true,\"valueName\":\"search_term_string\"}}],\"inLanguage\":\"es\"}]}<\/script>\n<!-- \/ Yoast SEO plugin. -->","yoast_head_json":{"title":"[:en]12-Pack Probiotics Drinks[:es]Paquete de 12 kombucha[:] - Pranama Life","description":"\u00a1Enjoy and share trillions of probiotics with your friends and family in a variety of flavors!  All of our PRANAMA drinks are full of probiotics and are made with plant-based, non-dairy, and ethically sourced ingredients. Probiotics, or live good bacteria, keep our gut healthy and help to improve the performance of our digestive system.  We carefully hand-pick the ingredients added to our drinks for flavor and for extra health benefits.   Choose between Probiotic Iced Tea (Kombucha) and Probiotic Artisanal Soda (Water-Kefir).  Choose between home delivery or pick up for higher comfort.  Chose which payment option is best for you.  &nbsp;  (Shipping calculated at check-out, $5 per delivery).  Choose your preferences below. If you have any questions, click the chat button below. We are here to help.\u00a1Disfruta y comparte billones de probi\u00f3ticos con tus amigos y familiares en una variedad de sabores!  Todas nuestras bebidas PRANAMA est\u00e1n llenas de probi\u00f3ticos y est\u00e1n hechas con ingredientes de origen vegetal, no l\u00e1cteos y de origen \u00e9tico. Los probi\u00f3ticos, o bacterias buenas vivas, mantienen nuestro intestino sano y ayudan a mejorar el rendimiento de nuestro sistema digestivo.  Seleccionamos cuidadosamente los ingredientes agregados a nuestras bebidas para darles sabor y beneficios adicionales para la salud.   Elija entre el t\u00e9 helado probi\u00f3tico (Kombucha) y el refresco artesanal probi\u00f3tico (k\u00e9fir de agua).  Elija entre entrega a domicilio o recoja para mayor comodidad.  Elija qu\u00e9 opci\u00f3n de pago es mejor para usted.  Elija sus preferencias a continuaci\u00f3n. Si tiene alguna pregunta, haga clic en el bot\u00f3n de chat a continuaci\u00f3n. Estamos aqu\u00ed para ayudar.","robots":{"index":"index","follow":"follow","max-snippet":"max-snippet:-1","max-image-preview":"max-image-preview:large","max-video-preview":"max-video-preview:-1"},"canonical":"https:\/\/pranama.life\/shop\/12-pack-probiotics-drinks\/","og_locale":"es_ES","og_type":"article","og_title":"[:en]12-Pack Probiotics Drinks[:es]Paquete de 12 kombucha[:] - Pranama Life","og_description":"\u00a1Enjoy and share trillions of probiotics with your friends and family in a variety of flavors!  All of our PRANAMA drinks are full of probiotics and are made with plant-based, non-dairy, and ethically sourced ingredients. Probiotics, or live good bacteria, keep our gut healthy and help to improve the performance of our digestive system.  We carefully hand-pick the ingredients added to our drinks for flavor and for extra health benefits.   Choose between Probiotic Iced Tea (Kombucha) and Probiotic Artisanal Soda (Water-Kefir).  Choose between home delivery or pick up for higher comfort.  Chose which payment option is best for you.  &nbsp;  (Shipping calculated at check-out, $5 per delivery).  Choose your preferences below. If you have any questions, click the chat button below. We are here to help.\u00a1Disfruta y comparte billones de probi\u00f3ticos con tus amigos y familiares en una variedad de sabores!  Todas nuestras bebidas PRANAMA est\u00e1n llenas de probi\u00f3ticos y est\u00e1n hechas con ingredientes de origen vegetal, no l\u00e1cteos y de origen \u00e9tico. Los probi\u00f3ticos, o bacterias buenas vivas, mantienen nuestro intestino sano y ayudan a mejorar el rendimiento de nuestro sistema digestivo.  Seleccionamos cuidadosamente los ingredientes agregados a nuestras bebidas para darles sabor y beneficios adicionales para la salud.   Elija entre el t\u00e9 helado probi\u00f3tico (Kombucha) y el refresco artesanal probi\u00f3tico (k\u00e9fir de agua).  Elija entre entrega a domicilio o recoja para mayor comodidad.  Elija qu\u00e9 opci\u00f3n de pago es mejor para usted.  Elija sus preferencias a continuaci\u00f3n. Si tiene alguna pregunta, haga clic en el bot\u00f3n de chat a continuaci\u00f3n. Estamos aqu\u00ed para ayudar.","og_url":"https:\/\/pranama.life\/shop\/12-pack-probiotics-drinks\/","og_site_name":"Pranama Life","article_modified_time":"2026-02-21T09:08:22+00:00","og_image":[{"width":642,"height":524,"url":"https:\/\/pranama.life\/wp-content\/uploads\/2019\/08\/free-packaging-box-mockup-1-e1583444794195.png","type":"image\/png"}],"twitter_card":"summary_large_image","schema":{"@context":"https:\/\/schema.org","@graph":[{"@type":"WebPage","@id":"https:\/\/pranama.life\/shop\/12-pack-probiotics-drinks\/","url":"https:\/\/pranama.life\/shop\/12-pack-probiotics-drinks\/","name":"[:en]12-Pack Probiotics Drinks[:es]Paquete de 12 kombucha[:] - Pranama Life","isPartOf":{"@id":"https:\/\/pranama.life\/#website"},"primaryImageOfPage":{"@id":"https:\/\/pranama.life\/shop\/12-pack-probiotics-drinks\/#primaryimage"},"image":{"@id":"https:\/\/pranama.life\/shop\/12-pack-probiotics-drinks\/#primaryimage"},"thumbnailUrl":"https:\/\/pranama.life\/wp-content\/uploads\/2019\/08\/free-packaging-box-mockup-1-e1583444794195.png","datePublished":"2019-08-09T16:29:37+00:00","dateModified":"2026-02-21T09:08:22+00:00","description":"\u00a1Enjoy and share trillions of probiotics with your friends and family in a variety of flavors! All of our PRANAMA drinks are full of probiotics and are made with plant-based, non-dairy, and ethically sourced ingredients. Probiotics, or live good bacteria, keep our gut healthy and help to improve the performance of our digestive system. We carefully hand-pick the ingredients added to our drinks for flavor and for extra health benefits. Choose between Probiotic Iced Tea (Kombucha) and Probiotic Artisanal Soda (Water-Kefir). Choose between home delivery or pick up for higher comfort. Chose which payment option is best for you. &nbsp; (Shipping calculated at check-out, $5 per delivery). Choose your preferences below. If you have any questions, click the chat button below. We are here to help.\u00a1Disfruta y comparte billones de probi\u00f3ticos con tus amigos y familiares en una variedad de sabores! Todas nuestras bebidas PRANAMA est\u00e1n llenas de probi\u00f3ticos y est\u00e1n hechas con ingredientes de origen vegetal, no l\u00e1cteos y de origen \u00e9tico. Los probi\u00f3ticos, o bacterias buenas vivas, mantienen nuestro intestino sano y ayudan a mejorar el rendimiento de nuestro sistema digestivo. Seleccionamos cuidadosamente los ingredientes agregados a nuestras bebidas para darles sabor y beneficios adicionales para la salud. Elija entre el t\u00e9 helado probi\u00f3tico (Kombucha) y el refresco artesanal probi\u00f3tico (k\u00e9fir de agua). Elija entre entrega a domicilio o recoja para mayor comodidad. Elija qu\u00e9 opci\u00f3n de pago es mejor para usted. Elija sus preferencias a continuaci\u00f3n. Si tiene alguna pregunta, haga clic en el bot\u00f3n de chat a continuaci\u00f3n. Estamos aqu\u00ed para ayudar.","breadcrumb":{"@id":"https:\/\/pranama.life\/shop\/12-pack-probiotics-drinks\/#breadcrumb"},"inLanguage":"es","potentialAction":[{"@type":"ReadAction","target":["https:\/\/pranama.life\/shop\/12-pack-probiotics-drinks\/"]}]},{"@type":"ImageObject","inLanguage":"es","@id":"https:\/\/pranama.life\/shop\/12-pack-probiotics-drinks\/#primaryimage","url":"https:\/\/pranama.life\/wp-content\/uploads\/2019\/08\/free-packaging-box-mockup-1-e1583444794195.png","contentUrl":"https:\/\/pranama.life\/wp-content\/uploads\/2019\/08\/free-packaging-box-mockup-1-e1583444794195.png","width":642,"height":524},{"@type":"BreadcrumbList","@id":"https:\/\/pranama.life\/shop\/12-pack-probiotics-drinks\/#breadcrumb","itemListElement":[{"@type":"ListItem","position":1,"name":"Home","item":"https:\/\/pranama.life\/"},{"@type":"ListItem","position":2,"name":"Shop","item":"https:\/\/pranama.life\/shop\/"},{"@type":"ListItem","position":3,"name":"12-Pack Probiotics Drinks"}]},{"@type":"WebSite","@id":"https:\/\/pranama.life\/#website","url":"https:\/\/pranama.life\/","name":"Pranama","description":"Probiotics Foods &amp; Drinks","potentialAction":[{"@type":"SearchAction","target":{"@type":"EntryPoint","urlTemplate":"https:\/\/pranama.life\/?s={search_term_string}"},"query-input":{"@type":"PropertyValueSpecification","valueRequired":true,"valueName":"search_term_string"}}],"inLanguage":"es"}]}},"_links":{"self":[{"href":"https:\/\/pranama.life\/es\/wp-json\/wp\/v2\/product\/2204"}],"collection":[{"href":"https:\/\/pranama.life\/es\/wp-json\/wp\/v2\/product"}],"about":[{"href":"https:\/\/pranama.life\/es\/wp-json\/wp\/v2\/types\/product"}],"replies":[{"embeddable":true,"href":"https:\/\/pranama.life\/es\/wp-json\/wp\/v2\/comments?post=2204"}],"wp:featuredmedia":[{"embeddable":true,"href":"https:\/\/pranama.life\/es\/wp-json\/wp\/v2\/media\/2205"}],"wp:attachment":[{"href":"https:\/\/pranama.life\/es\/wp-json\/wp\/v2\/media?parent=2204"}],"wp:term":[{"taxonomy":"product_brand","embeddable":true,"href":"https:\/\/pranama.life\/es\/wp-json\/wp\/v2\/product_brand?post=2204"},{"taxonomy":"product_cat","embeddable":true,"href":"https:\/\/pranama.life\/es\/wp-json\/wp\/v2\/product_cat?post=2204"},{"taxonomy":"product_tag","embeddable":true,"href":"https:\/\/pranama.life\/es\/wp-json\/wp\/v2\/product_tag?post=2204"}],"curies":[{"name":"wp","href":"https:\/\/api.w.org\/{rel}","templated":true}]}}