{"id":907,"date":"2018-07-04T17:28:13","date_gmt":"2018-07-04T17:28:13","guid":{"rendered":"https:\/\/pranama.life\/?page_id=907"},"modified":"2020-03-17T17:07:57","modified_gmt":"2020-03-17T22:07:57","slug":"community","status":"publish","type":"page","link":"https:\/\/pranama.life\/es\/community\/","title":{"rendered":"Comunidad"},"content":{"rendered":"<p><div class=\"fusion-fullwidth fullwidth-box fusion-builder-row-4 fusion-parallax-none hundred-percent-fullwidth non-hundred-percent-height-scrolling lazyload\" style=\"background-color: rgba(255,255,255,0);background-image:inherit;background-image:linear-gradient(0deg, rgba(211,104,249,0.66) 0%,rgba(255,255,255,0) 79%),url(https:\/\/pranama.life\/wp-content\/uploads\/2019\/08\/header-new-min.png);background-position: center top;background-repeat: no-repeat;padding-top:0px;padding-bottom:0px;margin-bottom: 0px;margin-top: -130px;border-width: 0px 0px 0px 0px;border-color:#eae9e9;border-style:solid;-webkit-background-size:cover;-moz-background-size:cover;-o-background-size:cover;background-size:cover;\"  data-bg-image=\"url(&quot;https:\/\/pranama.life\/wp-content\/uploads\/2019\/08\/header-new-min.png&quot;)\"><div class=\"fusion-builder-row fusion-row\"><div class=\"fusion-layout-column fusion_builder_column fusion-builder-column-5 fusion_builder_column_1_1 1_1 fusion-one-full fusion-column-first fusion-column-last\" style=\"margin-top:0px;margin-bottom:0px;\"><div class=\"fusion-column-wrapper fusion-flex-column-wrapper-legacy\" style=\"background-position:center center;background-repeat:no-repeat;-webkit-background-size:cover;-moz-background-size:cover;-o-background-size:cover;background-size:cover;padding: 0px 0px 0px 0px;\"><div class=\"fusion-clearfix\"><\/div><\/div><\/div><div class=\"fusion-layout-column fusion_builder_column fusion-builder-column-6 fusion_builder_column_1_1 1_1 fusion-one-full fusion-column-first fusion-column-last\" style=\"margin-top:0px;margin-bottom:0px;\"><div class=\"fusion-column-wrapper fusion-flex-column-wrapper-legacy\" style=\"background-position:left top;background-repeat:no-repeat;-webkit-background-size:cover;-moz-background-size:cover;-o-background-size:cover;background-size:cover;padding: 0px 0px 0px 0px;\"><div class=\"fusion-sep-clear\"><\/div><div class=\"fusion-separator fusion-full-width-sep\" style=\"margin-left: auto;margin-right: auto;margin-bottom:20%;width:100%;\"><\/div><div class=\"fusion-sep-clear\"><\/div><div class=\"fusion-section-separator section-separator hills-opacity fusion-section-separator-3\"><div class=\"fusion-section-separator-svg\" style=\"font-size:0;line-height:0;margin-left: 0px;margin-right: 0px;\"><svg class=\"fusion-hills-opacity-candy\" fill=\"#ffffff\" xmlns=\"http:\/\/www.w3.org\/2000\/svg\" version=\"1.1\" width=\"100%\" viewBox=\"0 -0.5 1024 182\" preserveAspectRatio=\"none\" class=\"section-separator-shortcode-divider-svg\"><path class=\"st0\" d=\"M0 182.086h1024V41.593c-28.058-21.504-60.109-37.581-97.075-37.581-112.845 0-198.144 93.798-289.792 93.798S437.658 6.777 351.846 6.777s-142.234 82.125-238.49 82.125c-63.078 0-75.776-31.744-113.357-53.658L0 182.086z\"\/>\n\t\t\t\t\t\t\t\t\t<path class=\"st1\" d=\"M1024 181.062v-75.878c-39.731 15.872-80.794 27.341-117.658 25.805-110.387-4.506-191.795-109.773-325.53-116.224-109.158-5.12-344.166 120.115-429.466 166.298H1024v-.001z\"\/>\n\t\t\t\t\t\t\t\t\t<path class=\"st2\" d=\"M0 182.086h1024V90.028C966.451 59.103 907.059 16.3 824.115 15.071 690.278 13.023 665.19 102.93 482.099 102.93S202.138-1.62 74.24.019C46.49.326 21.811 4.217 0 9.849v172.237z\"\/>\n\t\t\t\t\t\t\t\t\t<path class=\"st3\" d=\"M0 182.086h1024V80.505c-37.171 19.558-80.691 35.328-139.571 36.25-151.142 2.355-141.619-28.57-298.496-29.184s-138.854 47.002-305.459 43.725C132.813 128.428 91.238 44.563 0 28.179v153.907z\"\/>\n\t\t\t\t\t\t\t\t\t<path class=\"st4\" d=\"M0 182.086h1024v-77.312c-49.05 20.07-120.525 42.394-193.229 42.086-128.922-.512-159.846-72.294-255.795-72.294-89.088 0-134.656 80.179-245.043 82.022S169.063 99.346 49.971 97.401C32.768 97.094 16.077 99.244 0 103.135v78.951z\"\/>\n\t\t\t\t\t\t\t\t<\/svg><\/div><div class=\"fusion-section-separator-spacer\"><div class=\"fusion-section-separator-spacer-height\" style=\"padding-top:17.7734375%;\"><\/div><\/div><\/div><div class=\"fusion-clearfix\"><\/div><\/div><\/div><\/div><\/div><div class=\"fusion-fullwidth fullwidth-box fusion-builder-row-5 nonhundred-percent-fullwidth non-hundred-percent-height-scrolling\" style=\"background-color: rgba(255,255,255,0);background-position: center center;background-repeat: no-repeat;margin-bottom: 0px;margin-top: 0px;border-width: 0px 0px 0px 0px;border-color:#eae9e9;border-style:solid;\" ><div class=\"fusion-builder-row fusion-row\"><div class=\"fusion-layout-column fusion_builder_column fusion-builder-column-7 fusion_builder_column_1_1 1_1 fusion-one-full fusion-column-first fusion-column-last\" style=\"margin-top:0px;margin-bottom:0px;\"><div class=\"fusion-column-wrapper fusion-flex-column-wrapper-legacy\" style=\"background-position:left top;background-repeat:no-repeat;-webkit-background-size:cover;-moz-background-size:cover;-o-background-size:cover;background-size:cover;padding: 0px 0px 0px 0px;\"><div class=\"fusion-text fusion-text-2\"><h1 style=\"text-align: center;\"><span style=\"color: #000000;\">Comunidad Pranama<\/span><\/h1>\n<p style=\"text-align: center;\">La familia Pranama contin\u00faa creciendo en Panam\u00e1, te invitamos a compartir tu experiencia con nuestras bebidas y alimentos probi\u00f3ticos con el resto del mundo.<\/p>\n<h3 style=\"text-align: center; text-transform: none; color: #383838; font-weight: 600; letter-spacing: 0px; font-size: 24px; line-height: 27px;\">Se habla de <a class=\"text\" style=\"color: #064874; font-weight: 600; letter-spacing: 0px; font-size: 24px; line-height: 27px; text-transform: none;\" href=\"https:\/\/www.instagram.com\/explore\/tags\/Pranama\/\">#Pranama<\/a> en Instagram<\/h3>\n<p style=\"text-align: center;\"><div data-elfsight-instagram-testimonials-options=\"%7B%22posts%22%3A%5B%7B%22url%22%3A%22https%3A%5C%2F%5C%2Fwww.instagram.com%5C%2Fp%5C%2FBlON2z4huK7%5C%2F%3Fhl%3Des-la%26taken-by%3Dalelizarazu%22%2C%22stars%22%3A5%2C%22emojiSticker%22%3A%22%5Cud83d%5Cude0e%22%2C%22emojiStickerCaption%22%3A%22%22%2C%22textHighlight%22%3A%5B%5D%7D%2C%7B%22url%22%3A%22https%3A%5C%2F%5C%2Fwww.instagram.com%5C%2Fp%5C%2FBkxrWs4hD2F%22%2C%22stars%22%3A5%2C%22textHighlight%22%3A%5B%22This%20great%20store%20has%20a%20fantastic%20choice%22%5D%2C%22emojiSticker%22%3A%22%5Cud83d%5Cude0a%22%2C%22emojiStickerCaption%22%3A%22%22%7D%2C%7B%22url%22%3A%22https%3A%5C%2F%5C%2Fwww.instagram.com%5C%2Fp%5C%2FBkOJkV9A8Bp%5C%2F%3Ftagged%3Dpranamalifestyle%22%2C%22stars%22%3A5%2C%22emojiSticker%22%3A%22%5Cud83d%5Cude0d%22%2C%22emojiStickerCaption%22%3A%22Hot%20bod%21%22%2C%22textHighlight%22%3A%5B%22But%20in%20this%20new%20gym%20my%20hard%20work%20really%20paid%20off%21%22%5D%7D%2C%7B%22url%22%3A%22https%3A%5C%2F%5C%2Fwww.instagram.com%5C%2Fp%5C%2FBanIwIFneWD%5C%2F%3Ftaken-by%3Dmercadourbanocds%22%2C%22stars%22%3A4%2C%22emojiSticker%22%3A%22%5Cud83d%5Cudc4d%22%2C%22emojiStickerCaption%22%3A%22%22%2C%22textHighlight%22%3A%5B%5D%7D%2C%7B%22url%22%3A%22https%3A%5C%2F%5C%2Fwww.instagram.com%5C%2Fp%5C%2FBe3VfWvjLKY%5C%2F%3Ftagged%3Dsattvawellnessbar%22%2C%22stars%22%3A5%2C%22emojiSticker%22%3A%22%5Cud83d%5Cude0a%22%2C%22emojiStickerCaption%22%3A%22Delicious%21%22%2C%22textHighlight%22%3A%5B%5D%7D%2C%7B%22url%22%3A%22https%3A%5C%2F%5C%2Fwww.instagram.com%5C%2Fp%5C%2FBk3TnFsFkoT%5C%2F%3Fhl%3Des-la%26taken-by%3Damazoniarepublic_pty%22%2C%22stars%22%3A5%2C%22emojiSticker%22%3A%22%5Cud83d%5Cudcaa%22%2C%22emojiStickerCaption%22%3A%22%22%2C%22textHighlight%22%3A%5B%5D%7D%5D%2C%22layout%22%3A%22slider%22%2C%22sliderAutoplay%22%3A5%2C%22sliderArrows%22%3Atrue%2C%22sliderDrag%22%3Atrue%2C%22sliderDots%22%3Atrue%2C%22gridLoadMoreButton%22%3Atrue%2C%22postLayout%22%3A%22poster%22%2C%22elements%22%3A%5B%22commentsCount%22%2C%22userPicture%22%2C%22username%22%2C%22date%22%2C%22likesCount%22%2C%22share%22%2C%22picture%22%2C%22instagramIcon%22%5D%2C%22widgetTitle%22%3A%22%22%2C%22totalRatingVisible%22%3Atrue%2C%22widgetCTA%22%3A%22%22%2C%22cacheTime%22%3A3000%2C%22api%22%3A%22https%3A%5C%2F%5C%2Fpranama.life%5C%2Fwp-content%5C%2Fplugins%5C%2Felfsight-instagram-testimonials-cc%5C%2Fapi%5C%2Findex.php%22%7D\"><\/div><\/p>\n<h4 style=\"text-align: center; text-transform: none; color: #383838; font-weight: 600; letter-spacing: 0px; font-size: 17px;\"><span style=\"color: #000000;\">Comparte tu experiencia con nuestros probi\u00f3ticos en Instagram!<\/span> <a class=\"text\" style=\"color: #064874; font-weight: 600; letter-spacing: 0px; font-size: 17px; text-transform: none;\" href=\"https:\/\/www.instagram.com\/explore\/tags\/Pranama\/\">#Pranama<\/a><\/h4>\n<h1 style=\"text-align: center;\"><span style=\"color: #000000;\">Suscribe tu Salud<\/span><\/h1>\n<p style=\"text-align: center;\"><span style=\"color: #000000;\">\u00danete a nuestra comunidad y recibe noticias, novedades y ofertas sobre nuestros productos<\/span><\/p>\n<\/div>\n<div class=\"wpcf7 no-js\" id=\"wpcf7-f14-o2\" lang=\"en-US\" dir=\"ltr\" data-wpcf7-id=\"14\">\n<div class=\"screen-reader-response\"><p role=\"status\" aria-live=\"polite\" aria-atomic=\"true\"><\/p> <ul><\/ul><\/div>\n<form action=\"\/es\/wp-json\/wp\/v2\/pages\/907#wpcf7-f14-o2\" method=\"post\" class=\"wpcf7-form init cf7_custom_style_1\" aria-label=\"Contact form\" novalidate=\"novalidate\" data-status=\"init\">\n<div style=\"display: none;\">\n<input type=\"hidden\" name=\"_wpcf7\" value=\"14\" \/>\n<input type=\"hidden\" name=\"_wpcf7_version\" value=\"6.0.6\" \/>\n<input type=\"hidden\" name=\"_wpcf7_locale\" value=\"en_US\" \/>\n<input type=\"hidden\" name=\"_wpcf7_unit_tag\" value=\"wpcf7-f14-o2\" \/>\n<input type=\"hidden\" name=\"_wpcf7_container_post\" value=\"0\" \/>\n<input type=\"hidden\" name=\"_wpcf7_posted_data_hash\" value=\"\" \/>\n<input type=\"hidden\" name=\"_wpcf7_recaptcha_response\" value=\"\" \/>\n<\/div>\n<div id=\"responsive-form\" class=\"clearfix\">\n\t<div class=\"form-row\">\n\t\t<div class=\"column-half\">\n\t\t\t<p><span class=\"wpcf7-form-control-wrap\" data-name=\"first-name\"><input size=\"40\" maxlength=\"400\" class=\"wpcf7-form-control wpcf7-text wpcf7-validates-as-required\" aria-required=\"true\" aria-invalid=\"false\" placeholder=\"Nombre*\" value=\"\" type=\"text\" name=\"first-name\" \/><\/span>\n\t\t\t<\/p>\n\t\t<\/div>\n\t\t<div class=\"column-half\">\n\t\t\t<p><span class=\"wpcf7-form-control-wrap\" data-name=\"your-email\"><input size=\"40\" maxlength=\"400\" class=\"wpcf7-form-control wpcf7-email wpcf7-validates-as-required wpcf7-text wpcf7-validates-as-email\" aria-required=\"true\" aria-invalid=\"false\" placeholder=\"email*\" value=\"\" type=\"email\" name=\"your-email\" \/><\/span>\n\t\t\t<\/p>\n\t\t<\/div>\n\t<\/div>\n\t<div class=\"form-row\">\n\t\t<div class=\"column-half\">\n\t\t\t<p><span class=\"wpcf7-form-control-wrap\" data-name=\"option1\"><span class=\"wpcf7-form-control wpcf7-checkbox\"><span class=\"wpcf7-list-item first last\"><input type=\"checkbox\" name=\"option1[]\" value=\"Comienzo a consumir Probi\u00f3ticos\" \/><span class=\"wpcf7-list-item-label\">Comienzo a consumir Probi\u00f3ticos<\/span><\/span><\/span><\/span>\n\t\t\t<\/p>\n\t\t<\/div>\n\t\t<div class=\"column-half\">\n\t\t\t<p><span class=\"wpcf7-form-control-wrap\" data-name=\"option2\"><span class=\"wpcf7-form-control wpcf7-checkbox\"><span class=\"wpcf7-list-item first last\"><input type=\"checkbox\" name=\"option2[]\" value=\"Actualmente consumo Probi\u00f3ticos\" \/><span class=\"wpcf7-list-item-label\">Actualmente consumo Probi\u00f3ticos<\/span><\/span><\/span><\/span>\n\t\t\t<\/p>\n\t\t<\/div>\n\t<\/div>\n<\/div>\n<div class=\"column_inner\">\n\t<p><span class=\"wpcf7-form-control-wrap\" data-name=\"newsletter\"><span class=\"wpcf7-form-control wpcf7-checkbox wpcf7-validates-as-required\"><span class=\"wpcf7-list-item first last\"><input type=\"checkbox\" name=\"newsletter[]\" value=\"Confirmar suscripci\u00f3n*\" \/><span class=\"wpcf7-list-item-label\">Confirmar suscripci\u00f3n*<\/span><\/span><\/span><\/span>\n\t<\/p>\n<\/div>\n<div class=\"form-row\">\n\t<p><span class=\"wpcf7-form-control-wrap\" data-name=\"acceptance-705\"><span class=\"wpcf7-form-control wpcf7-acceptance\"><span class=\"wpcf7-list-item\"><label><input type=\"checkbox\" name=\"acceptance-705\" value=\"1\" aria-invalid=\"false\" \/><span class=\"wpcf7-list-item-label\">\"No soy un robot.\"<\/span><\/label><\/span><\/span><\/span>\n\t<\/p>\n<\/div>\n<div class=\"form-row\">\n\t<p><input class=\"wpcf7-form-control wpcf7-submit has-spinner\" type=\"submit\" value=\"Suscribirse a Pranama\" \/>\n\t<\/p>\n<\/div>\n<div class=\"fusion-alert alert custom alert-custom fusion-alert-center wpcf7-response-output fusion-alert-capitalize alert-dismissable\" style=\"border-width:1px;\"><button type=\"button\" class=\"close toggle-alert\" data-dismiss=\"alert\" aria-hidden=\"true\">&times;<\/button><div class=\"fusion-alert-content-wrapper\"><span class=\"fusion-alert-content\"><\/span><\/div><\/div>\n<\/form>\n<\/div>\n<div class=\"fusion-clearfix\"><\/div><\/div><\/div><\/div><\/div><\/p>","protected":false},"excerpt":{"rendered":"","protected":false},"author":132,"featured_media":0,"parent":0,"menu_order":0,"comment_status":"closed","ping_status":"closed","template":"100-width.php","meta":{"_exactmetrics_skip_tracking":false,"_exactmetrics_sitenote_active":false,"_exactmetrics_sitenote_note":"","_exactmetrics_sitenote_category":0,"footnotes":""},"class_list":["post-907","page","type-page","status-publish","hentry"],"yoast_head":"<!-- This site is optimized with the Yoast SEO plugin v25.6 - https:\/\/yoast.com\/wordpress\/plugins\/seo\/ -->\n<title>Comunidad - Pranama Life<\/title>\n<meta name=\"robots\" content=\"index, follow, max-snippet:-1, max-image-preview:large, max-video-preview:-1\" \/>\n<link rel=\"canonical\" href=\"https:\/\/pranama.life\/community\/\" \/>\n<meta property=\"og:locale\" content=\"es_ES\" \/>\n<meta property=\"og:type\" content=\"article\" \/>\n<meta property=\"og:title\" content=\"Comunidad - Pranama Life\" \/>\n<meta property=\"og:url\" content=\"https:\/\/pranama.life\/community\/\" \/>\n<meta property=\"og:site_name\" content=\"Pranama Life\" \/>\n<meta property=\"article:modified_time\" content=\"2020-03-17T22:07:57+00:00\" \/>\n<meta name=\"twitter:card\" content=\"summary_large_image\" \/>\n<meta name=\"twitter:label1\" content=\"Tiempo de lectura\" \/>\n\t<meta name=\"twitter:data1\" content=\"11 minutos\" \/>\n<script type=\"application\/ld+json\" class=\"yoast-schema-graph\">{\"@context\":\"https:\/\/schema.org\",\"@graph\":[{\"@type\":\"WebPage\",\"@id\":\"https:\/\/pranama.life\/community\/\",\"url\":\"https:\/\/pranama.life\/community\/\",\"name\":\"Comunidad - Pranama Life\",\"isPartOf\":{\"@id\":\"https:\/\/pranama.life\/#website\"},\"datePublished\":\"2018-07-04T17:28:13+00:00\",\"dateModified\":\"2020-03-17T22:07:57+00:00\",\"breadcrumb\":{\"@id\":\"https:\/\/pranama.life\/community\/#breadcrumb\"},\"inLanguage\":\"es\",\"potentialAction\":[{\"@type\":\"ReadAction\",\"target\":[\"https:\/\/pranama.life\/community\/\"]}]},{\"@type\":\"BreadcrumbList\",\"@id\":\"https:\/\/pranama.life\/community\/#breadcrumb\",\"itemListElement\":[{\"@type\":\"ListItem\",\"position\":1,\"name\":\"Home\",\"item\":\"https:\/\/pranama.life\/\"},{\"@type\":\"ListItem\",\"position\":2,\"name\":\"Comunidad\"}]},{\"@type\":\"WebSite\",\"@id\":\"https:\/\/pranama.life\/#website\",\"url\":\"https:\/\/pranama.life\/\",\"name\":\"Pranama\",\"description\":\"Probiotics Foods &amp; Drinks\",\"potentialAction\":[{\"@type\":\"SearchAction\",\"target\":{\"@type\":\"EntryPoint\",\"urlTemplate\":\"https:\/\/pranama.life\/?s={search_term_string}\"},\"query-input\":{\"@type\":\"PropertyValueSpecification\",\"valueRequired\":true,\"valueName\":\"search_term_string\"}}],\"inLanguage\":\"es\"}]}<\/script>\n<!-- \/ Yoast SEO plugin. -->","yoast_head_json":{"title":"Comunidad - Pranama Life","robots":{"index":"index","follow":"follow","max-snippet":"max-snippet:-1","max-image-preview":"max-image-preview:large","max-video-preview":"max-video-preview:-1"},"canonical":"https:\/\/pranama.life\/community\/","og_locale":"es_ES","og_type":"article","og_title":"Comunidad - Pranama Life","og_url":"https:\/\/pranama.life\/community\/","og_site_name":"Pranama Life","article_modified_time":"2020-03-17T22:07:57+00:00","twitter_card":"summary_large_image","twitter_misc":{"Tiempo de lectura":"11 minutos"},"schema":{"@context":"https:\/\/schema.org","@graph":[{"@type":"WebPage","@id":"https:\/\/pranama.life\/community\/","url":"https:\/\/pranama.life\/community\/","name":"Comunidad - Pranama Life","isPartOf":{"@id":"https:\/\/pranama.life\/#website"},"datePublished":"2018-07-04T17:28:13+00:00","dateModified":"2020-03-17T22:07:57+00:00","breadcrumb":{"@id":"https:\/\/pranama.life\/community\/#breadcrumb"},"inLanguage":"es","potentialAction":[{"@type":"ReadAction","target":["https:\/\/pranama.life\/community\/"]}]},{"@type":"BreadcrumbList","@id":"https:\/\/pranama.life\/community\/#breadcrumb","itemListElement":[{"@type":"ListItem","position":1,"name":"Home","item":"https:\/\/pranama.life\/"},{"@type":"ListItem","position":2,"name":"Comunidad"}]},{"@type":"WebSite","@id":"https:\/\/pranama.life\/#website","url":"https:\/\/pranama.life\/","name":"Pranama","description":"Probiotics Foods &amp; Drinks","potentialAction":[{"@type":"SearchAction","target":{"@type":"EntryPoint","urlTemplate":"https:\/\/pranama.life\/?s={search_term_string}"},"query-input":{"@type":"PropertyValueSpecification","valueRequired":true,"valueName":"search_term_string"}}],"inLanguage":"es"}]}},"_links":{"self":[{"href":"https:\/\/pranama.life\/es\/wp-json\/wp\/v2\/pages\/907"}],"collection":[{"href":"https:\/\/pranama.life\/es\/wp-json\/wp\/v2\/pages"}],"about":[{"href":"https:\/\/pranama.life\/es\/wp-json\/wp\/v2\/types\/page"}],"author":[{"embeddable":true,"href":"https:\/\/pranama.life\/es\/wp-json\/wp\/v2\/users\/132"}],"replies":[{"embeddable":true,"href":"https:\/\/pranama.life\/es\/wp-json\/wp\/v2\/comments?post=907"}],"version-history":[{"count":49,"href":"https:\/\/pranama.life\/es\/wp-json\/wp\/v2\/pages\/907\/revisions"}],"predecessor-version":[{"id":2687,"href":"https:\/\/pranama.life\/es\/wp-json\/wp\/v2\/pages\/907\/revisions\/2687"}],"wp:attachment":[{"href":"https:\/\/pranama.life\/es\/wp-json\/wp\/v2\/media?parent=907"}],"curies":[{"name":"wp","href":"https:\/\/api.w.org\/{rel}","templated":true}]}}