{"id":420,"date":"2018-06-05T19:34:01","date_gmt":"2018-06-05T19:34:01","guid":{"rendered":"https:\/\/pranama.life\/?page_id=420"},"modified":"2018-07-23T13:42:56","modified_gmt":"2018-07-23T18:42:56","slug":"politica-privacidad","status":"publish","type":"page","link":"https:\/\/pranama.life\/es\/politica-privacidad\/","title":{"rendered":"Pol\u00edtica de Privacidad"},"content":{"rendered":"<p>[vc_row css_animation=\u00bb\u00bb row_type=\u00bbrow\u00bb use_row_as_full_screen_section=\u00bbno\u00bb type=\u00bbfull_width\u00bb angled_section=\u00bbno\u00bb text_align=\u00bbleft\u00bb background_image_as_pattern=\u00bbwithout_pattern\u00bb][vc_column offset=\u00bbvc_hidden-sm vc_hidden-xs\u00bb][vc_column_text]<\/p>\n<h3 style=\"text-align: center;\">Pol\u00edtica de Privacidad<\/h3>\n<p>[\/vc_column_text][\/vc_column][\/vc_row][vc_row css_animation=\u00bb\u00bb row_type=\u00bbrow\u00bb use_row_as_full_screen_section=\u00bbno\u00bb type=\u00bbfull_width\u00bb angled_section=\u00bbno\u00bb text_align=\u00bbleft\u00bb background_image_as_pattern=\u00bbwithout_pattern\u00bb][vc_column offset=\u00bbvc_hidden-lg vc_hidden-md\u00bb][vc_column_text]<\/p>\n<h4 style=\"text-align: center;\">Pol\u00edtica de Privacidad<\/h4>\n<p>[\/vc_column_text][\/vc_column][\/vc_row][vc_row css_animation=\u00bb\u00bb row_type=\u00bbrow\u00bb use_row_as_full_screen_section=\u00bbno\u00bb type=\u00bbfull_width\u00bb angled_section=\u00bbno\u00bb text_align=\u00bbleft\u00bb background_image_as_pattern=\u00bbwithout_pattern\u00bb css=\u00bb.vc_custom_1528222698406{margin-bottom: 20px !important;}\u00bb z_index=\u00bb\u00bb][vc_column][vc_empty_space height=\u00bb20px\u00bb][vc_column_text]PRANAMA INC. (en lo sucesivo, \u00abCompa\u00f1\u00eda\u00bb, \u00abnosotros\u00bb, \u00abnuestro\u00bb y t\u00e9rminos similares) es una empresa que tiene el prop\u00f3sito de crear productos sabrosos y saludables para la familia, con especialidad en alimentos y bebidas probi\u00f3ticas fermentadas. Este es el sitio web donde PRANAMA INC. publica informaci\u00f3n sobre sus productos, actividades, puntos de venta e informaci\u00f3n general sobre alimentos, nutrici\u00f3n, probi\u00f3ticos y otros temas relacionados con la salud y el bienestar.<\/p>\n<p>El siguiente documento contiene la Pol\u00edtica de Privacidad de nuestro sitio web, que forma parte de nuestro Acuerdo de T\u00e9rminos y Condiciones entre usted (el lector o cualquier otro usuario de este sitio web, en adelante denominado \u00abUsuario\u00bb, \u00abusted\u00bb, \u00absu\u00bb y t\u00e9rminos similares) y PRANAMA INC. El acceso al sitio web, y cualquier uso del mismo, est\u00e1 sujeto a dicho Acuerdo, sus t\u00e9rminos y condiciones, y a esta Pol\u00edtica de Privacidad. Al acceder al sitio web y\/o leer su contenido, y\/o utilizarlo para encontrar informaci\u00f3n sobre cualquier otro sitio web o recurso informacional, reconoce y acepta que Usted ha le\u00eddo y sopesado estos t\u00e9rminos y condiciones, y que las provisiones, las disposiciones y los avisos legales aqu\u00ed expuestos son justos y razonables; y que su consentimiento en seguir y estar sujeto a dichos t\u00e9rminos y condiciones es voluntario y no es el resultado de fraude, coacci\u00f3n o influencia indebida ejercida sobre usted por cualquier individuo o entidad.<\/p>\n<p>PRANAMA INC. reconoce la importancia de proteger la privacidad de la informaci\u00f3n personal recopilada de los usuarios de nuestro sitio web. Esta Pol\u00edtica de Privacidad revela c\u00f3mo recopilamos, utilizamos y compartimos la informaci\u00f3n recopilada de los usuarios cuando visitan nuestro sitio web e interact\u00faan con \u00e9l.<\/p>\n<p style=\"text-align: center;\"><strong>COOKIES<\/strong><\/p>\n<p>Utilizamos \u00abcookies\u00bb en nuestro sitio web. Las cookies son fragmentos de texto que se colocan en el disco duro de su computadora o dispositivo m\u00f3vil cuando visita sitios web, incluido el nuestro. Las cookies pueden mejorar su experiencia en l\u00ednea guardando sus preferencias mientras visita un sitio en particular. Cuando visita nuestro sitio web, las cookies se colocan en su computadora. Usamos cookies para saber, por ejemplo, si nos visit\u00f3 antes o si es un nuevo visitante. Recopilamos esta informaci\u00f3n para mejorar su experiencia en nuestro sitio web.<\/p>\n<p>&nbsp;<\/p>\n<p style=\"text-align: center;\"><strong>INFORMACI\u00d3N NO PERSONAL<\/strong><\/p>\n<p>Podemos recopilar cierta informaci\u00f3n agregada y no personal cuando visite nuestro sitio web. La informaci\u00f3n agregada y no personal no se relaciona con un solo visitante identificable. Se utiliza para calcular estad\u00edsticas e indicadores sobre cu\u00e1ntos usuarios visitaron nuestro sitio, las p\u00e1ginas a las que accedieron, cu\u00e1les son las funciones m\u00e1s populares de nuestro sitio web, etc. Recopilando esta informaci\u00f3n, aprendemos a adaptar mejor nuestro sitio web a nuestros visitantes. Recopilamos esta informaci\u00f3n a trav\u00e9s de la tecnolog\u00eda \u00abcookie\u00bb, como se explica m\u00e1s arriba.<\/p>\n<p><strong>\u00a0<\/strong><\/p>\n<p style=\"text-align: center;\"><strong>USO Y RECOLECCI\u00d3N DE INFORMACI\u00d3N PERSONAL <\/strong><\/p>\n<p>En algunas \u00e1reas de nuestro sitio web PRANAMA INC. recolecta informaci\u00f3n de identificaci\u00f3n personal, como nombre, direcci\u00f3n de correo electr\u00f3nico, n\u00famero de tel\u00e9fono, direcci\u00f3n y\/o ubicaci\u00f3n del usuario. Recopilamos informaci\u00f3n personal para diferentes prop\u00f3sitos, tales como:<\/p>\n<ul>\n<li>Para responder y satisfacer sus solicitudes de nuestros productos y servicios, incluyendo recibir pagos de compras y entregar pedidos.<\/li>\n<li>Incluirlo en nuestra base de datos de clientes.<\/li>\n<li>Para incluirlo en nuestras listas de boletines.<\/li>\n<li>Para incluirlo en una promoci\u00f3n o concurso especial.<\/li>\n<li>En general, para proporcionarle un mejor servicio al cliente.<\/li>\n<\/ul>\n<p>No vendemos, compartimos ni alquilamos informaci\u00f3n personal recopilada de usted a terceros de manera diferente a lo que se divulga en esta Pol\u00edtica de Privacidad. Sin embargo, nos reservamos el derecho de hacerlo en el futuro. Adem\u00e1s, podemos compartir su informaci\u00f3n personal con socios comerciales con los que hemos contratado para ayudar a procesar pedidos y entregar productos y servicios que usted ha solicitado.<\/p>\n<p>No le pedimos que registre o proporcione informaci\u00f3n de identificaci\u00f3n personal para poder acceder a ver nuestro sitio web o acceder a gran parte de su contenido.<\/p>\n<p>Si usted pide ser contactado por nosotros, podemos usar la informaci\u00f3n que usted proporciona para contactarlo de vez en cuando. Por ejemplo, podemos (i) enviarle materiales promocionales y otras comunicaciones que usted solicite, (ii) responder a sus comentarios o preguntas, y\/o (iii) comunicarnos con usted si es necesario mientras procesamos un servicio que usted solicit\u00f3 a trav\u00e9s de nuestro sitio web.<\/p>\n<p>Tambi\u00e9n usamos informaci\u00f3n personal sobre usted para mejorar las caracter\u00edsticas y el contenido de nuestro sitio web y para analizar el uso del sitio web. Adem\u00e1s, utilizamos informaci\u00f3n personal para fines de investigaci\u00f3n de mercado. Tambi\u00e9n podemos usar informaci\u00f3n personal acerca de usted para entregar contenido que se adapte a sus intereses seg\u00fan entendemos de la informaci\u00f3n que nos ha proporcionado y de sus actividades en el sitio web.<\/p>\n<p>&nbsp;<\/p>\n<p style=\"text-align: center;\"><strong>C\u00d3MO PROTEGEMOS LA INFORMACI\u00d3N PERSONAL<\/strong><\/p>\n<p>La seguridad de la informaci\u00f3n personal es importante para nosotros, por lo que mantenemos salvaguardas administrativas, t\u00e9cnicas y f\u00edsicas para proteger dicha informaci\u00f3n contra el uso no autorizado, divulgaci\u00f3n, alteraci\u00f3n o destrucci\u00f3n.<\/p>\n<p>&nbsp;<\/p>\n<p style=\"text-align: center;\"><strong>C\u00d3MO PODR\u00cdAMOS COMPARTIR LA INFORMACI\u00d3N<\/strong><\/p>\n<p>Excepto como se describe a continuaci\u00f3n, no vendemos, transferimos ni revelamos a terceros la informaci\u00f3n personal que recopilamos de los usuarios y visitantes de nuestro sitio web, sin su consentimiento previo. Solo revelamos informaci\u00f3n cuando creemos que es necesario investigar o prevenir un delito real o sospechoso o una lesi\u00f3n a nosotros mismos o a otros, o cuando la revelaci\u00f3n de dicha informaci\u00f3n es requerida por la ley. Tambi\u00e9n podemos revelar informaci\u00f3n en respuesta a una solicitud de las autoridades policiales u otros funcionarios del gobierno.<\/p>\n<p>En nuestro sitio web, podemos realizar promociones en conjunto con otras empresas. Podemos compartir con nuestros socios promocionales (y sus proveedores de servicios) cierta informaci\u00f3n personal, s\u00f3lo cuando es necesario para llevar a cabo la promoci\u00f3n. No compartiremos esta informaci\u00f3n con nuestros socios promocionales para ning\u00fan otro prop\u00f3sito sin su autorizaci\u00f3n.<\/p>\n<p>Nos reservamos el derecho de transferir cualquier informaci\u00f3n personal de nuestra base de datos en caso de que vendamos o transfiramos la totalidad o parte de nuestro negocio o activos. En el caso de que ocurra dicha venta o transferencia, haremos todo lo posible por exigir que el nuevo propietario utilice la informaci\u00f3n personal recopilada a trav\u00e9s de este sitio web de una manera que sea consistente con esta Pol\u00edtica de Privacidad.<\/p>\n<p>&nbsp;<\/p>\n<p style=\"text-align: center;\"><strong>INFORMACI\u00d3N PERSONAL DE NI\u00d1OS<\/strong><\/p>\n<p>PRANAMA INC. se compromete a proteger la privacidad en l\u00ednea de los ni\u00f1os. Si bien nuestro sitio web no est\u00e1 dise\u00f1ado ni tiene la intenci\u00f3n de atraer a ni\u00f1os menores de trece (13) a\u00f1os, estamos conscientes de que los ni\u00f1os tambi\u00e9n pueden visitar este sitio. No recopilamos informaci\u00f3n personal de ni\u00f1os que sabemos que son menores de 13 a\u00f1os de edad.<\/p>\n<p>Despu\u00e9s de la identificaci\u00f3n apropiada, un padre o madre puede revisar cualquier informaci\u00f3n personal que hemos recolectado de su hijo si todav\u00eda tenemos dicha informaci\u00f3n en nuestra base de datos. El padre o madre tambi\u00e9n puede solicitar que la informaci\u00f3n de su hijo sea borrada de nuestra base de datos y puede negarse a permitir la recolecci\u00f3n o uso de la informaci\u00f3n del ni\u00f1o. Si usted es un padre o madre y desea ejercer estos derechos, por favor cont\u00e1ctenos a <a href=\"mailto:enjoy@pranama.life\">enjoy@pranama.life<\/a>.<\/p>\n<p>&nbsp;<\/p>\n<p style=\"text-align: center;\"><strong>MODIFICACIONES<\/strong><\/p>\n<p>PRANAMA INC. puede modificar la Pol\u00edtica de Privacidad en todo o en parte en cualquier momento por cualquier raz\u00f3n sin ning\u00fan aviso previo a usted, seg\u00fan nuestra exclusiva discreci\u00f3n. Dicha Pol\u00edtica de Privacidad modificada sustituir\u00e1 esta Pol\u00edtica de Privacidad y se volver\u00e1 vinculante desde el momento en que se publique en l\u00ednea en el sitio web.<\/p>\n<p>&nbsp;<\/p>\n<p style=\"text-align: center;\"><strong>PREGUNTAS Y FEEDBACK<\/strong><\/p>\n<p>Damos la bienvenida a sus preguntas, comentarios y\/o preocupaciones sobre el sitio web, su contenido, estos t\u00e9rminos y condiciones y pol\u00edtica de privacidad. Por favor, env\u00edenos cualquier comentario relacionado a lo anterior, o cualquier otro asunto relacionado con PRANAMA INC., al correo electr\u00f3nico: <a href=\"mailto:enjoy@pranama.life\">enjoy@pranama.life<\/a><\/p>\n<p>PRANAMA INC. es una sociedad constituida conforme a las leyes de la Rep\u00fablica de Panam\u00e1. Nuestra sede est\u00e1 en la Ciudad de Panam\u00e1, Panam\u00e1. Direcci\u00f3n: Calle 79B, Coco del Mar. Tel\u00e9fono m\u00f3vil: +507 6525 8520[\/vc_column_text][vc_empty_space][\/vc_column][\/vc_row]<\/p>","protected":false},"excerpt":{"rendered":"<p>[vc_row css_animation=\u00bb\u00bb row_type=\u00bbrow\u00bb use_row_as_full_screen_section=\u00bbno\u00bb type=\u00bbfull_width\u00bb angled_section=\u00bbno\u00bb text_align=\u00bbleft\u00bb background_image_as_pattern=\u00bbwithout_pattern\u00bb][vc_column offset=\u00bbvc_hidden-sm vc_hidden-xs\u00bb][vc_column_text] [&hellip;]<\/p>\n","protected":false},"author":132,"featured_media":0,"parent":0,"menu_order":0,"comment_status":"closed","ping_status":"open","template":"","meta":{"_exactmetrics_skip_tracking":false,"_exactmetrics_sitenote_active":false,"_exactmetrics_sitenote_note":"","_exactmetrics_sitenote_category":0,"footnotes":""},"class_list":["post-420","page","type-page","status-publish","hentry"],"yoast_head":"<!-- This site is optimized with the Yoast SEO plugin v25.6 - https:\/\/yoast.com\/wordpress\/plugins\/seo\/ -->\n<title>Pol\u00edtica de Privacidad - Pranama Life<\/title>\n<meta name=\"description\" content=\"Pol\u00edtica de Privacidad Pol\u00edtica de Privacidad PRANAMA INC. (en lo sucesivo, &quot;Compa\u00f1\u00eda&quot;, &quot;nosotros&quot;, &quot;nuestro&quot; y t\u00e9rminos similares) es una empresa que\" \/>\n<meta name=\"robots\" content=\"index, follow, max-snippet:-1, max-image-preview:large, max-video-preview:-1\" \/>\n<link rel=\"canonical\" href=\"https:\/\/pranama.life\/politica-privacidad\/\" \/>\n<meta property=\"og:locale\" content=\"es_ES\" \/>\n<meta property=\"og:type\" content=\"article\" \/>\n<meta property=\"og:title\" content=\"[:es]Pol\u00edtica de Privacidad[:en]Privacy Policy[:] - Pranama Life\" \/>\n<meta property=\"og:description\" content=\"Pol\u00edtica de Privacidad Pol\u00edtica de Privacidad PRANAMA INC. (en lo sucesivo, &quot;Compa\u00f1\u00eda&quot;, &quot;nosotros&quot;, &quot;nuestro&quot; y t\u00e9rminos similares) es una empresa que\" \/>\n<meta property=\"og:url\" content=\"https:\/\/pranama.life\/politica-privacidad\/\" \/>\n<meta property=\"og:site_name\" content=\"Pranama Life\" \/>\n<meta property=\"article:modified_time\" content=\"2018-07-23T18:42:56+00:00\" \/>\n<meta name=\"twitter:card\" content=\"summary_large_image\" \/>\n<meta name=\"twitter:label1\" content=\"Tiempo de lectura\" \/>\n\t<meta name=\"twitter:data1\" content=\"15 minutos\" \/>\n<script type=\"application\/ld+json\" class=\"yoast-schema-graph\">{\"@context\":\"https:\/\/schema.org\",\"@graph\":[{\"@type\":\"WebPage\",\"@id\":\"https:\/\/pranama.life\/politica-privacidad\/\",\"url\":\"https:\/\/pranama.life\/politica-privacidad\/\",\"name\":\"[:es]Pol\u00edtica de Privacidad[:en]Privacy Policy[:] - Pranama Life\",\"isPartOf\":{\"@id\":\"https:\/\/pranama.life\/#website\"},\"datePublished\":\"2018-06-05T19:34:01+00:00\",\"dateModified\":\"2018-07-23T18:42:56+00:00\",\"description\":\"Pol\u00edtica de Privacidad Pol\u00edtica de Privacidad PRANAMA INC. (en lo sucesivo, \\\"Compa\u00f1\u00eda\\\", \\\"nosotros\\\", \\\"nuestro\\\" y t\u00e9rminos similares) es una empresa que\",\"breadcrumb\":{\"@id\":\"https:\/\/pranama.life\/politica-privacidad\/#breadcrumb\"},\"inLanguage\":\"es\",\"potentialAction\":[{\"@type\":\"ReadAction\",\"target\":[\"https:\/\/pranama.life\/politica-privacidad\/\"]}]},{\"@type\":\"BreadcrumbList\",\"@id\":\"https:\/\/pranama.life\/politica-privacidad\/#breadcrumb\",\"itemListElement\":[{\"@type\":\"ListItem\",\"position\":1,\"name\":\"Home\",\"item\":\"https:\/\/pranama.life\/\"},{\"@type\":\"ListItem\",\"position\":2,\"name\":\"Privacy Policy\"}]},{\"@type\":\"WebSite\",\"@id\":\"https:\/\/pranama.life\/#website\",\"url\":\"https:\/\/pranama.life\/\",\"name\":\"Pranama\",\"description\":\"Probiotics Foods &amp; Drinks\",\"potentialAction\":[{\"@type\":\"SearchAction\",\"target\":{\"@type\":\"EntryPoint\",\"urlTemplate\":\"https:\/\/pranama.life\/?s={search_term_string}\"},\"query-input\":{\"@type\":\"PropertyValueSpecification\",\"valueRequired\":true,\"valueName\":\"search_term_string\"}}],\"inLanguage\":\"es\"}]}<\/script>\n<!-- \/ Yoast SEO plugin. -->","yoast_head_json":{"title":"[:es]Pol\u00edtica de Privacidad[:en]Privacy Policy[:] - Pranama Life","description":"Pol\u00edtica de Privacidad Pol\u00edtica de Privacidad PRANAMA INC. (en lo sucesivo, \"Compa\u00f1\u00eda\", \"nosotros\", \"nuestro\" y t\u00e9rminos similares) es una empresa que","robots":{"index":"index","follow":"follow","max-snippet":"max-snippet:-1","max-image-preview":"max-image-preview:large","max-video-preview":"max-video-preview:-1"},"canonical":"https:\/\/pranama.life\/politica-privacidad\/","og_locale":"es_ES","og_type":"article","og_title":"[:es]Pol\u00edtica de Privacidad[:en]Privacy Policy[:] - Pranama Life","og_description":"Pol\u00edtica de Privacidad Pol\u00edtica de Privacidad PRANAMA INC. (en lo sucesivo, \"Compa\u00f1\u00eda\", \"nosotros\", \"nuestro\" y t\u00e9rminos similares) es una empresa que","og_url":"https:\/\/pranama.life\/politica-privacidad\/","og_site_name":"Pranama Life","article_modified_time":"2018-07-23T18:42:56+00:00","twitter_card":"summary_large_image","twitter_misc":{"Tiempo de lectura":"15 minutos"},"schema":{"@context":"https:\/\/schema.org","@graph":[{"@type":"WebPage","@id":"https:\/\/pranama.life\/politica-privacidad\/","url":"https:\/\/pranama.life\/politica-privacidad\/","name":"[:es]Pol\u00edtica de Privacidad[:en]Privacy Policy[:] - Pranama Life","isPartOf":{"@id":"https:\/\/pranama.life\/#website"},"datePublished":"2018-06-05T19:34:01+00:00","dateModified":"2018-07-23T18:42:56+00:00","description":"Pol\u00edtica de Privacidad Pol\u00edtica de Privacidad PRANAMA INC. (en lo sucesivo, \"Compa\u00f1\u00eda\", \"nosotros\", \"nuestro\" y t\u00e9rminos similares) es una empresa que","breadcrumb":{"@id":"https:\/\/pranama.life\/politica-privacidad\/#breadcrumb"},"inLanguage":"es","potentialAction":[{"@type":"ReadAction","target":["https:\/\/pranama.life\/politica-privacidad\/"]}]},{"@type":"BreadcrumbList","@id":"https:\/\/pranama.life\/politica-privacidad\/#breadcrumb","itemListElement":[{"@type":"ListItem","position":1,"name":"Home","item":"https:\/\/pranama.life\/"},{"@type":"ListItem","position":2,"name":"Privacy Policy"}]},{"@type":"WebSite","@id":"https:\/\/pranama.life\/#website","url":"https:\/\/pranama.life\/","name":"Pranama","description":"Probiotics Foods &amp; Drinks","potentialAction":[{"@type":"SearchAction","target":{"@type":"EntryPoint","urlTemplate":"https:\/\/pranama.life\/?s={search_term_string}"},"query-input":{"@type":"PropertyValueSpecification","valueRequired":true,"valueName":"search_term_string"}}],"inLanguage":"es"}]}},"_links":{"self":[{"href":"https:\/\/pranama.life\/es\/wp-json\/wp\/v2\/pages\/420"}],"collection":[{"href":"https:\/\/pranama.life\/es\/wp-json\/wp\/v2\/pages"}],"about":[{"href":"https:\/\/pranama.life\/es\/wp-json\/wp\/v2\/types\/page"}],"author":[{"embeddable":true,"href":"https:\/\/pranama.life\/es\/wp-json\/wp\/v2\/users\/132"}],"replies":[{"embeddable":true,"href":"https:\/\/pranama.life\/es\/wp-json\/wp\/v2\/comments?post=420"}],"version-history":[{"count":9,"href":"https:\/\/pranama.life\/es\/wp-json\/wp\/v2\/pages\/420\/revisions"}],"predecessor-version":[{"id":1324,"href":"https:\/\/pranama.life\/es\/wp-json\/wp\/v2\/pages\/420\/revisions\/1324"}],"wp:attachment":[{"href":"https:\/\/pranama.life\/es\/wp-json\/wp\/v2\/media?parent=420"}],"curies":[{"name":"wp","href":"https:\/\/api.w.org\/{rel}","templated":true}]}}