{"id":415,"date":"2018-06-05T19:23:03","date_gmt":"2018-06-05T19:23:03","guid":{"rendered":"https:\/\/pranama.life\/?page_id=415"},"modified":"2019-08-19T16:25:10","modified_gmt":"2019-08-19T21:25:10","slug":"terminos-condiciones","status":"publish","type":"page","link":"https:\/\/pranama.life\/es\/terminos-condiciones\/","title":{"rendered":"T\u00e9rminos y Condiciones"},"content":{"rendered":"<p><!-- WhatsHelp.io widget --><br \/>\n<script type=\"text\/javascript\">\n    (function () {\n        var options = {\n            facebook: \"973170459361356\", \/\/ Facebook page ID\n            whatsapp: \"+507 6525-8520\", \/\/ WhatsApp number\n            call_to_action: \"Message us\", \/\/ Call to action\n            button_color: \"#E74339\", \/\/ Color of button\n            position: \"right\", \/\/ Position may be 'right' or 'left'\n            order: \"whatsapp,facebook\", \/\/ Order of buttons\n        };\n        var proto = document.location.protocol, host = \"whatshelp.io\", url = proto + \"\/\/static.\" + host;\n        var s = document.createElement('script'); s.type = 'text\/javascript'; s.async = true; s.src = url + '\/widget-send-button\/js\/init.js';\n        s.onload = function () { WhWidgetSendButton.init(host, proto, options); };\n        var x = document.getElementsByTagName('script')[0]; x.parentNode.insertBefore(s, x);\n    })();\n<\/script><br \/>\n<!-- \/WhatsHelp.io widget --><\/p>\n<p>[vc_row css_animation=\u00bb\u00bb row_type=\u00bbrow\u00bb use_row_as_full_screen_section=\u00bbno\u00bb type=\u00bbfull_width\u00bb angled_section=\u00bbno\u00bb text_align=\u00bbleft\u00bb background_image_as_pattern=\u00bbwithout_pattern\u00bb][vc_column offset=\u00bbvc_hidden-sm vc_hidden-xs\u00bb][vc_column_text]<\/p>\n<h3 style=\"text-align: center;\">T\u00e9rminos y Condiciones<\/h3>\n<p>[\/vc_column_text][\/vc_column][\/vc_row][vc_row css_animation=\u00bb\u00bb row_type=\u00bbrow\u00bb use_row_as_full_screen_section=\u00bbno\u00bb type=\u00bbfull_width\u00bb angled_section=\u00bbno\u00bb text_align=\u00bbleft\u00bb background_image_as_pattern=\u00bbwithout_pattern\u00bb][vc_column offset=\u00bbvc_hidden-lg vc_hidden-md\u00bb][vc_column_text]<\/p>\n<h4 style=\"text-align: center;\">T\u00e9rminos y Condiciones<\/h4>\n<p>[\/vc_column_text][\/vc_column][\/vc_row][vc_row css_animation=\u00bb\u00bb row_type=\u00bbrow\u00bb use_row_as_full_screen_section=\u00bbno\u00bb type=\u00bbfull_width\u00bb angled_section=\u00bbno\u00bb text_align=\u00bbleft\u00bb background_image_as_pattern=\u00bbwithout_pattern\u00bb css=\u00bb.vc_custom_1528222698406{margin-bottom: 20px !important;}\u00bb z_index=\u00bb\u00bb][vc_column][vc_empty_space height=\u00bb20px\u00bb][vc_column_text]PRANAMA INC. (en lo sucesivo, \u00abCompa\u00f1\u00eda\u00bb, \u00abnosotros\u00bb, \u00abnuestro\u00bb y t\u00e9rminos similares) es una empresa que tiene el prop\u00f3sito de crear productos sabrosos y saludables para la familia, con especialidad en alimentos y bebidas probi\u00f3ticas fermentadas. Este es el sitio web donde PRANAMA INC. publica informaci\u00f3n sobre sus productos, actividades, puntos de venta e informaci\u00f3n general sobre alimentos, nutrici\u00f3n, probi\u00f3ticos y otros temas relacionados con la salud y el bienestar.<\/p>\n<p>Este sitio web es operado por o en nombre de PRANAMA INC.<\/p>\n<p>El presente documento contiene los T\u00e9rminos de Uso, que forman parte del Acuerdo Legal (\u201cAcuerdo\u201d) entre usted (el lector o cualquier otro usuario de este sitio web, en adelante denominado \u00abUsuario\u00bb, \u00abusted\u00bb, \u00absu\u00bb y t\u00e9rminos similares) y PRANAMA INC. El acceso al sitio web, y cualquier uso del mismo, est\u00e1 sujeto a dicho Acuerdo, y a sus t\u00e9rminos y condiciones. Al acceder al sitio web y\/o leer su contenido, y\/o utilizarlo para encontrar informaci\u00f3n sobre cualquier otro sitio web o recurso informacional, reconoce y acepta que Usted ha le\u00eddo y sopesado estos t\u00e9rminos y condiciones, y que las provisiones, las disposiciones y los avisos legales aqu\u00ed expuestos son justos y razonables; y que su consentimiento en seguir y estar sujeto a dichos t\u00e9rminos y condiciones es voluntario y no es el resultado de fraude, coacci\u00f3n o influencia indebida ejercida sobre usted por cualquier individuo o entidad.<\/p>\n<p>El presente acuerdo contiene los avisos legales, restricciones y otras disposiciones que limitan la responsabilidad de la Compa\u00f1\u00eda para con usted; y tambi\u00e9n incluye la Pol\u00edtica de Privacidad publicada en este sitio web. Por favor lea los presentes T\u00e9rminos y Condiciones de manera completa y cuidadosa. Si usted no est\u00e1 de acuerdo en estar vinculado a cada uno de los t\u00e9rminos y condiciones aqu\u00ed expuestos, por favor salga del sitio web y no acceda, lea ni utilice la informaci\u00f3n que se proporciona aqu\u00ed.<\/p>\n<p>Por favor regrese a este sitio web y revise estos t\u00e9rminos y condiciones de vez en cuando, ya que pueden ser enmendados o modificados sin previo aviso mediante la publicaci\u00f3n de nuevos t\u00e9rminos y condiciones. Cualquier cambio ser\u00e1 efectivo inmediatamente despu\u00e9s de la publicaci\u00f3n de los t\u00e9rminos y condiciones revisados en este sitio web.<\/p>\n<p>&nbsp;<\/p>\n<p style=\"text-align: center;\"><strong>AVISO LEGAL SOBRE PROPIEDAD INTELECTUAL<\/strong><\/p>\n<p>El contenido original, las marcas registradas, las marcas de productos y servicios, y los logotipos que aparecen en este sitio web son Propiedad Intelectual exclusiva de PRANAMA INC., y dicha Propiedad Intelectual no puede utilizarse sin nuestro consentimiento expreso por escrito. Todos los dem\u00e1s productos o marcas comerciales aqu\u00ed utilizados son propiedad exclusiva de sus respectivos propietarios y aparecen en nuestro sitio web con el consentimiento de su propietario.<\/p>\n<p>&nbsp;<\/p>\n<p style=\"text-align: center;\"><strong>AVISO LEGAL SOBRE CONSEJO M\u00c9DICO<\/strong><\/p>\n<p>Todo nuestro Contenido es para prop\u00f3sitos de entretenimiento y\/o informaci\u00f3n general. PRANAMA INC. no proporciona ning\u00fan tipo consejo ni diagn\u00f3stico m\u00e9dico en este sitio web.<\/p>\n<p>El acceso, la lectura o el uso del sitio web no crea una relaci\u00f3n m\u00e9dico-paciente entre usted (el usuario) y PRANAMA INC. Proporcionar informaci\u00f3n personal o m\u00e9dica a PRANAMA INC. no crea una relaci\u00f3n m\u00e9dico-paciente entre usted y nosotros.<\/p>\n<p>Ninguna parte del contenido disponible en este sitio web tiene la intenci\u00f3n de establecer una relaci\u00f3n m\u00e9dico-paciente, reemplazar los servicios de un m\u00e9dico entrenado o profesional de la salud, o de alguna manera sustituir el asesoramiento m\u00e9dico profesional, el diagn\u00f3stico o el tratamiento.<\/p>\n<p>Por este medio usted (el usuario) acepta que no tomar\u00e1 ninguna decisi\u00f3n m\u00e9dica o relacionada con la salud de su persona o alguien cercano, bas\u00e1ndose en todo o en parte en lo contenido en este sitio web. Usted no debe depender de ninguna manera en la informaci\u00f3n contenida en este sitio web y materiales relacionados con el mismo, a fin de tomar decisiones m\u00e9dicas, relacionadas con la salud u otro tipo de decisiones. Usted debe consultar a un m\u00e9dico id\u00f3neo o profesional de la salud debidamente acreditado en su comunidad para todos los asuntos relacionados con su salud.<\/p>\n<p>Nunca ignore el consejo m\u00e9dico profesional, ni demore en buscarlo por causa de algo que usted haya le\u00eddo en este sitio web, o en cualquier material enlazado al mismo, o en cualquier parte de Internet. Si usted cree que puede tener un problema m\u00e9dico o una emergencia, llame a su m\u00e9dico de inmediato.<\/p>\n<p>&nbsp;<\/p>\n<p style=\"text-align: center;\"><strong>CONTENIDO DEL SITIO WEB<\/strong><\/p>\n<p>Todos los datos publicados en este sitio web, independientemente de su formato (escrito, visual, audio, video), forman parte del \u00abContenido\u00bb del sitio web y se crearon originalmente para o por PRANAMA INC.; han sido publicados con el debido conocimiento, permiso y autorizaci\u00f3n de sus autores.<\/p>\n<p>El contenido de este sitio web ofrece informaci\u00f3n general sobre la salud, la nutrici\u00f3n y los temas relacionados. El contenido de este sitio web y de cualquier material vinculado se publica \u00fanicamente con fines informativos y de entretenimiento, y no pretende ser, y no debe interpretarse como un consejo m\u00e9dico. Si usted y\/o cualquier otra persona tiene un problema o consulta m\u00e9dica, usted y\/o ellos deben contactar con un m\u00e9dico id\u00f3neo u otro profesional de la salud.<\/p>\n<p>El Contenido de este sitio web puede ser cambiado sin aviso y no se garantiza que sea completo, correcto, oportuno, actual o actualizado. Al igual que cualquier material impreso, el Contenido puede volverse obsoleto. PRANAMA INC. no tiene obligaci\u00f3n alguna de actualizar ning\u00fan Contenido del sitio web. PRANAMA INC. puede actualizar el Contenido en cualquier momento sin previo aviso, seg\u00fan nuestra \u00fanica y exclusiva discreci\u00f3n. Nos reservamos el derecho de hacer alteraciones o supresiones al Contenido en cualquier momento sin aviso previo.<\/p>\n<p>Las opiniones expresadas en el sitio web no son necesariamente las de PRANAMA INC. Cualesquiera opiniones de PRANAMA INC. han sido consideradas en el contexto de ciertas condiciones y suposiciones que no necesariamente pueden aplicarse a un caso individual o a una circunstancia particular. El Contenido no puede ni debe ser usado o tomado como fundamento para ninguna otra finalidad distinta a la planteada en el presente documento, incluyendo, pero no limitado al uso en o en conexi\u00f3n con cualquier procedimiento legal.<\/p>\n<p>Los productos y servicios de la Compa\u00f1\u00eda publicados en este sitio web pueden no estar disponibles en todas las ubicaciones geogr\u00e1ficas, y\/o en todo momento.<\/p>\n<p>No hemos revisado todos los sitios web de terceros vinculados a nuestro sitio web, y no somos responsables del contenido de ninguna p\u00e1gina web de terceros ni de ning\u00fan otro sitio web vinculado a nuestro sitio web.<\/p>\n<p>&nbsp;<\/p>\n<p style=\"text-align: center;\"><strong>AVISO LEGAL SOBRE ENLACES O V\u00cdNCULOS DE TERCEROS <\/strong><\/p>\n<p>Nuestro sitio web puede, de vez en cuando, tener enlaces a otros sitios web (\u00abterceros\u00bb). Estos v\u00ednculos se ofrecen \u00fanicamente como una conveniencia y no como un garant\u00eda o un reconocimiento por parte de PRANAMA INC. con respecto a los servicios, la informaci\u00f3n, la opini\u00f3n o cualquier otro contacto sobre dichos sitios web de terceros o como una indicaci\u00f3n de cualquier afiliaci\u00f3n, el patrocinio o el endoso de tales sitios web de terceros.<\/p>\n<p>Si usted decide acceder a un sitio web enlazado, lo hace a su propio riesgo. El uso de otros sitios web est\u00e1 sujeto a los t\u00e9rminos y condiciones de dichos sitios.<\/p>\n<p>PRANAMA INC. no se hace responsable por el contenido de cualquier sitio web vinculado o conectado de cualquier otra manera. PRANAMA INC. no hace ninguna representaci\u00f3n ni brinda ninguna garant\u00eda sobre las pr\u00e1cticas de privacidad o de la correcci\u00f3n del contenido y materiales incluidos en o vinculados a terceros. La inclusi\u00f3n de anuncios publicitarios de terceros en nuestra p\u00e1gina web no constituye un endoso, garant\u00eda o recomendaci\u00f3n. PRANAMA INC. no ejecuta representaciones ni garant\u00edas con relaci\u00f3n a ning\u00fan producto o servicio contenido en dichos sitios web de terceros.<\/p>\n<p>&nbsp;<\/p>\n<p style=\"text-align: center;\"><strong>AVISO LIBERACI\u00d3N DE GARANT\u00cdAS<\/strong><\/p>\n<p>El contenido disponible en este sitio web se ofrece de forma \u00abtal cual\u00bb y \u00abdisponible\u00bb sin garant\u00edas de ning\u00fan tipo, ya sea expresas o impl\u00edcitas. Bajo ninguna circunstancia, como resultado de su uso de este sitio web, PRANAMA INC. ser\u00e1 responsable ante usted o cualquier otra persona por cualquier da\u00f1o directo, indirecto, incidental, especial, ejemplar o de ning\u00fan otro tipo bajo cualquier sistema legal, incluyendo, sin limitarse, el agravio, contrar\u00edo, estricta responsabilidad, inclusive si se le advierte de la posibilidad de tales da\u00f1os.<\/p>\n<p>&nbsp;<\/p>\n<p style=\"text-align: center;\"><strong>DIRECTRICES DE PUBLICACI\u00d3N<\/strong><\/p>\n<p>Este sitio web est\u00e1 abierto al p\u00fablico. Usted debe considerar sus comentarios con cuidado y no publicar ninguna informaci\u00f3n o ideas que le gustar\u00eda conservar como privadas. Al momento de publicar o hacer disponible informaci\u00f3n a PRANAMA INC. en el formato de comentarios de usuario u otro tipo, usted nos concede sin limitaci\u00f3n y a perpetuidad el derecho a distribuir, publicar, mostrar, reproducir, reutilizar y copiar la informaci\u00f3n contenida en ellos.<\/p>\n<p>Usted es responsable de los comentarios que usted publica. Usted no puede suplantar o personificar a otra persona dentro del sitio web. Usted no puede publicar un mensaje que sea difamatorio, fraudulento, obsceno, amenazante, invadido por los derechos de privacidad de otra persona o que sea ilegal en otro tiempo. Usted no puede publicar contenido difamatorio, fraudulento, obsceno, amenazador, invasivo a los derechos de privacidad de otras personas, ni ilegal en ning\u00fan otro modo. Usted no publicar contenido que infrinja los derechos de propiedad intelectual de cualquier otra persona o entidad. Usted no puede publicar ning\u00fan contenido que incluya ninguna clase de virus computacional u otro c\u00f3digo dise\u00f1ado para destruir, da\u00f1ar o limitar el funcionamiento de cualquier software o hardware de cualquier computadora.<\/p>\n<p>Al someter o publicar su contenido en este sitio web, usted concede a PRANAMA INC., a su equipo y a cualquier empresa que est\u00e9 bajo el control de PRANAMA INC., el derecho de eliminar cualquier contenido o comentario que, a nuestro juicio \u00fanico y exclusivo, no concuerde con los t\u00e9rminos y las condiciones de este Acuerdo, o sea objetable de cualquier otro modo. Usted tambi\u00e9n nos concede a nosotros y a cualquier compa\u00f1\u00eda subordinada a PRANAMA INC. el derecho a modificar, adaptar y editar todo o parte del contenido publicado por usted en nuestro sitio web.<\/p>\n<p>&nbsp;<\/p>\n<p style=\"text-align: center;\"><strong>RESTRICCI\u00d3N DE EDAD<\/strong><\/p>\n<p>Nuestro sitio web est\u00e1 destinado a personas de dieciocho (18) a\u00f1os o m\u00e1s, sin embargo, los menores de dieciocho (18) a\u00f1os pueden acceder, usar y\/o navegar por nuestro sitio web tambi\u00e9n.<\/p>\n<p>&nbsp;<\/p>\n<p style=\"text-align: center;\"><strong>INDEMNIZACI\u00d3N<\/strong><\/p>\n<p>Usted acepta indemnizar y mantener libre a PRANAMA INC. de cualquier queja o demanda, incluyendo honorarios de abogados, hechos por cualquier tercero como resultado de (1) cualquier contenido puesto o hecho disponible por usted en este sitio web, (2) cualquier violaci\u00f3n de la ley realizada por usted a trav\u00e9s de este sitio web, y\/o (3) cualquier cosa que haga usando nuestro sitio web y\/o el Contenido disponible en el mismo.<\/p>\n<p>&nbsp;<\/p>\n<p style=\"text-align: center;\"><strong>MODIFICACI\u00d3N<\/strong><\/p>\n<p>PRANAMA INC. puede modificar el presente Acuerdo de T\u00e9rminos y Condiciones en todo o en parte en cualquier momento por cualquier raz\u00f3n sin ning\u00fan aviso previo a usted, seg\u00fan nuestra exclusiva discreci\u00f3n. Dicho Acuerdo modificado sustituir\u00e1 el presente y se volver\u00e1 vinculante desde el momento en que se publique en l\u00ednea en el sitio web.<\/p>\n<p>&nbsp;<\/p>\n<p style=\"text-align: center;\"><strong>PREGUNTAS Y FEEDBACK<\/strong><\/p>\n<p>Damos la bienvenida a sus preguntas, comentarios y\/o preocupaciones sobre el sitio web, su contenido, estos t\u00e9rminos y condiciones y pol\u00edtica de privacidad. Por favor, env\u00edenos cualquier comentario relacionado a lo anterior, o cualquier otro asunto relacionado con PRANAMA INC., al correo electr\u00f3nico: <a href=\"mailto:enjoy@pranama.life\">enjoy@pranama.life<\/a><\/p>\n<p>PRANAMA INC. es una sociedad constituida conforme a las leyes de la Rep\u00fablica de Panam\u00e1. Nuestra sede est\u00e1 en la Ciudad de Panam\u00e1, Panam\u00e1. Direcci\u00f3n: Calle 79B, Coco del Mar. Tel\u00e9fono m\u00f3vil: +507 6525 8520[\/vc_column_text][vc_empty_space][\/vc_column][\/vc_row]<\/p>","protected":false},"excerpt":{"rendered":"<p>[vc_row css_animation=\u00bb\u00bb row_type=\u00bbrow\u00bb use_row_as_full_screen_section=\u00bbno\u00bb type=\u00bbfull_width\u00bb angled_section=\u00bbno\u00bb text_align=\u00bbleft\u00bb background_image_as_pattern=\u00bbwithout_pattern\u00bb][vc_column offset=\u00bbvc_hidden-sm vc_hidden-xs\u00bb][vc_column_text] [&hellip;]<\/p>\n","protected":false},"author":132,"featured_media":0,"parent":0,"menu_order":0,"comment_status":"closed","ping_status":"open","template":"","meta":{"_exactmetrics_skip_tracking":false,"_exactmetrics_sitenote_active":false,"_exactmetrics_sitenote_note":"","_exactmetrics_sitenote_category":0,"footnotes":""},"class_list":["post-415","page","type-page","status-publish","hentry"],"yoast_head":"<!-- This site is optimized with the Yoast SEO plugin v25.6 - https:\/\/yoast.com\/wordpress\/plugins\/seo\/ -->\n<title>T\u00e9rminos y Condiciones - Pranama Life<\/title>\n<meta name=\"description\" content=\"Terms &amp; Conditions Terms &amp; Conditions PRANAMA INC. (hereinafter referred to as \u201cCompany\u201d and \u201cwe\u201d, \u201cus\u201d, \u201cour\u201d and like terms) is a company with\" \/>\n<meta name=\"robots\" content=\"index, follow, max-snippet:-1, max-image-preview:large, max-video-preview:-1\" \/>\n<link rel=\"canonical\" href=\"https:\/\/pranama.life\/terminos-condiciones\/\" \/>\n<meta property=\"og:locale\" content=\"es_ES\" \/>\n<meta property=\"og:type\" content=\"article\" \/>\n<meta property=\"og:title\" content=\"[:en]Terms &amp; Conditions[:es]T\u00e9rminos y Condiciones[:] - Pranama Life\" \/>\n<meta property=\"og:description\" content=\"Terms &amp; Conditions Terms &amp; Conditions PRANAMA INC. (hereinafter referred to as \u201cCompany\u201d and \u201cwe\u201d, \u201cus\u201d, \u201cour\u201d and like terms) is a company with\" \/>\n<meta property=\"og:url\" content=\"https:\/\/pranama.life\/terminos-condiciones\/\" \/>\n<meta property=\"og:site_name\" content=\"Pranama Life\" \/>\n<meta property=\"article:modified_time\" content=\"2019-08-19T21:25:10+00:00\" \/>\n<meta name=\"twitter:card\" content=\"summary_large_image\" \/>\n<meta name=\"twitter:label1\" content=\"Tiempo de lectura\" \/>\n\t<meta name=\"twitter:data1\" content=\"20 minutos\" \/>\n<script type=\"application\/ld+json\" class=\"yoast-schema-graph\">{\"@context\":\"https:\/\/schema.org\",\"@graph\":[{\"@type\":\"WebPage\",\"@id\":\"https:\/\/pranama.life\/terminos-condiciones\/\",\"url\":\"https:\/\/pranama.life\/terminos-condiciones\/\",\"name\":\"[:en]Terms & Conditions[:es]T\u00e9rminos y Condiciones[:] - Pranama Life\",\"isPartOf\":{\"@id\":\"https:\/\/pranama.life\/#website\"},\"datePublished\":\"2018-06-05T19:23:03+00:00\",\"dateModified\":\"2019-08-19T21:25:10+00:00\",\"description\":\"Terms &amp; Conditions Terms &amp; Conditions PRANAMA INC. (hereinafter referred to as \u201cCompany\u201d and \u201cwe\u201d, \u201cus\u201d, \u201cour\u201d and like terms) is a company with\",\"breadcrumb\":{\"@id\":\"https:\/\/pranama.life\/terminos-condiciones\/#breadcrumb\"},\"inLanguage\":\"es\",\"potentialAction\":[{\"@type\":\"ReadAction\",\"target\":[\"https:\/\/pranama.life\/terminos-condiciones\/\"]}]},{\"@type\":\"BreadcrumbList\",\"@id\":\"https:\/\/pranama.life\/terminos-condiciones\/#breadcrumb\",\"itemListElement\":[{\"@type\":\"ListItem\",\"position\":1,\"name\":\"Home\",\"item\":\"https:\/\/pranama.life\/\"},{\"@type\":\"ListItem\",\"position\":2,\"name\":\"Terms &#038; Conditions\"}]},{\"@type\":\"WebSite\",\"@id\":\"https:\/\/pranama.life\/#website\",\"url\":\"https:\/\/pranama.life\/\",\"name\":\"Pranama\",\"description\":\"Probiotics Foods &amp; Drinks\",\"potentialAction\":[{\"@type\":\"SearchAction\",\"target\":{\"@type\":\"EntryPoint\",\"urlTemplate\":\"https:\/\/pranama.life\/?s={search_term_string}\"},\"query-input\":{\"@type\":\"PropertyValueSpecification\",\"valueRequired\":true,\"valueName\":\"search_term_string\"}}],\"inLanguage\":\"es\"}]}<\/script>\n<!-- \/ Yoast SEO plugin. -->","yoast_head_json":{"title":"[:en]Terms & Conditions[:es]T\u00e9rminos y Condiciones[:] - Pranama Life","description":"Terms &amp; Conditions Terms &amp; Conditions PRANAMA INC. (hereinafter referred to as \u201cCompany\u201d and \u201cwe\u201d, \u201cus\u201d, \u201cour\u201d and like terms) is a company with","robots":{"index":"index","follow":"follow","max-snippet":"max-snippet:-1","max-image-preview":"max-image-preview:large","max-video-preview":"max-video-preview:-1"},"canonical":"https:\/\/pranama.life\/terminos-condiciones\/","og_locale":"es_ES","og_type":"article","og_title":"[:en]Terms & Conditions[:es]T\u00e9rminos y Condiciones[:] - Pranama Life","og_description":"Terms &amp; Conditions Terms &amp; Conditions PRANAMA INC. (hereinafter referred to as \u201cCompany\u201d and \u201cwe\u201d, \u201cus\u201d, \u201cour\u201d and like terms) is a company with","og_url":"https:\/\/pranama.life\/terminos-condiciones\/","og_site_name":"Pranama Life","article_modified_time":"2019-08-19T21:25:10+00:00","twitter_card":"summary_large_image","twitter_misc":{"Tiempo de lectura":"20 minutos"},"schema":{"@context":"https:\/\/schema.org","@graph":[{"@type":"WebPage","@id":"https:\/\/pranama.life\/terminos-condiciones\/","url":"https:\/\/pranama.life\/terminos-condiciones\/","name":"[:en]Terms & Conditions[:es]T\u00e9rminos y Condiciones[:] - Pranama Life","isPartOf":{"@id":"https:\/\/pranama.life\/#website"},"datePublished":"2018-06-05T19:23:03+00:00","dateModified":"2019-08-19T21:25:10+00:00","description":"Terms &amp; Conditions Terms &amp; Conditions PRANAMA INC. (hereinafter referred to as \u201cCompany\u201d and \u201cwe\u201d, \u201cus\u201d, \u201cour\u201d and like terms) is a company with","breadcrumb":{"@id":"https:\/\/pranama.life\/terminos-condiciones\/#breadcrumb"},"inLanguage":"es","potentialAction":[{"@type":"ReadAction","target":["https:\/\/pranama.life\/terminos-condiciones\/"]}]},{"@type":"BreadcrumbList","@id":"https:\/\/pranama.life\/terminos-condiciones\/#breadcrumb","itemListElement":[{"@type":"ListItem","position":1,"name":"Home","item":"https:\/\/pranama.life\/"},{"@type":"ListItem","position":2,"name":"Terms &#038; Conditions"}]},{"@type":"WebSite","@id":"https:\/\/pranama.life\/#website","url":"https:\/\/pranama.life\/","name":"Pranama","description":"Probiotics Foods &amp; Drinks","potentialAction":[{"@type":"SearchAction","target":{"@type":"EntryPoint","urlTemplate":"https:\/\/pranama.life\/?s={search_term_string}"},"query-input":{"@type":"PropertyValueSpecification","valueRequired":true,"valueName":"search_term_string"}}],"inLanguage":"es"}]}},"_links":{"self":[{"href":"https:\/\/pranama.life\/es\/wp-json\/wp\/v2\/pages\/415"}],"collection":[{"href":"https:\/\/pranama.life\/es\/wp-json\/wp\/v2\/pages"}],"about":[{"href":"https:\/\/pranama.life\/es\/wp-json\/wp\/v2\/types\/page"}],"author":[{"embeddable":true,"href":"https:\/\/pranama.life\/es\/wp-json\/wp\/v2\/users\/132"}],"replies":[{"embeddable":true,"href":"https:\/\/pranama.life\/es\/wp-json\/wp\/v2\/comments?post=415"}],"version-history":[{"count":11,"href":"https:\/\/pranama.life\/es\/wp-json\/wp\/v2\/pages\/415\/revisions"}],"predecessor-version":[{"id":2353,"href":"https:\/\/pranama.life\/es\/wp-json\/wp\/v2\/pages\/415\/revisions\/2353"}],"wp:attachment":[{"href":"https:\/\/pranama.life\/es\/wp-json\/wp\/v2\/media?parent=415"}],"curies":[{"name":"wp","href":"https:\/\/api.w.org\/{rel}","templated":true}]}}